{"id":14,"date":"2024-02-21T08:38:54","date_gmt":"2024-02-21T11:38:54","guid":{"rendered":"https:\/\/coelealcira.com.ar\/Site\/?page_id=14"},"modified":"2025-07-30T07:25:23","modified_gmt":"2025-07-30T10:25:23","slug":"consejo-de-administracion","status":"publish","type":"page","link":"https:\/\/coelealcira.com.ar\/Site\/consejo-de-administracion\/","title":{"rendered":"Consejo de Administraci\u00f3n"},"content":{"rendered":"\t\t<div data-elementor-type=\"wp-page\" data-elementor-id=\"14\" class=\"elementor elementor-14\" data-elementor-post-type=\"page\">\n\t\t\t\t<div class=\"elementor-element elementor-element-bde2849 e-flex e-con-boxed e-con e-parent\" data-id=\"bde2849\" data-element_type=\"container\" data-settings=\"{&quot;background_background&quot;:&quot;gradient&quot;}\">\n\t\t\t\t\t<div class=\"e-con-inner\">\n\t\t\t\t<div class=\"elementor-element elementor-element-ef558fc elementor-widget elementor-widget-heading\" data-id=\"ef558fc\" data-element_type=\"widget\" data-widget_type=\"heading.default\">\n\t\t\t\t<div class=\"elementor-widget-container\">\n\t\t\t\t\t<h3 class=\"elementor-heading-title elementor-size-default\">Consejo de Administraci\u00f3n<\/h3>\t\t\t\t<\/div>\n\t\t\t\t<\/div>\n\t\t\t\t\t<\/div>\n\t\t\t\t<\/div>\n\t\t<div class=\"elementor-element elementor-element-577f31a e-flex e-con-boxed e-con e-parent\" data-id=\"577f31a\" data-element_type=\"container\" data-settings=\"{&quot;background_background&quot;:&quot;classic&quot;,&quot;shape_divider_bottom&quot;:&quot;triangle-asymmetrical&quot;}\">\n\t\t\t\t\t<div class=\"e-con-inner\">\n\t\t\t\t<div class=\"elementor-shape elementor-shape-bottom\" data-negative=\"false\">\n\t\t\t<svg xmlns=\"http:\/\/www.w3.org\/2000\/svg\" viewBox=\"0 0 1000 100\" preserveAspectRatio=\"none\">\n\t<path class=\"elementor-shape-fill\" d=\"M738,99l262-93V0H0v5.6L738,99z\"\/>\n<\/svg>\t\t<\/div>\n\t\t<div class=\"elementor-element elementor-element-5a5f12c e-con-full e-flex e-con e-child\" data-id=\"5a5f12c\" data-element_type=\"container\">\n\t\t\t\t<div class=\"elementor-element elementor-element-9499340 elementor-widget elementor-widget-text-editor\" data-id=\"9499340\" data-element_type=\"widget\" data-widget_type=\"text-editor.default\">\n\t\t\t\t<div class=\"elementor-widget-container\">\n\t\t\t\t\t\t\t\t\t<p><span style=\"font-weight: 400;\">Dando cumplimiento con lo dispuesto por los Art\u00edculos 47 de la Ley N\u00b0 20.337 y 39 del Estatuto Social se realiz\u00f3 el pasado Viernes 25 de Abril la Asamblea General Ordinaria correspondiente al Ejercicio Econ\u00f3mico N\u00b081, cerrado el 31 de diciembre de 2024, y se oficializ\u00f3 la renovaci\u00f3n total de cargos del nuevo Consejo de Administraci\u00f3n de la Cooperativa El\u00e9ctrica de Alcira Ltda.<\/span><\/p><p><span style=\"font-weight: 400;\">Agradecemos y destacamos la participaci\u00f3n de los asociados que se acercaron al evento desarrollado en nuestras instalaciones con la presencia de la Abogada Mar\u00eda Valentina Poggi y el Contador Ra\u00fal Bergero, Auditor Externo.<\/span><\/p><p><b>Presidente: <\/b>Sr.<span style=\"font-weight: 400;\">\u00a0Jorge Buosi<\/span><\/p><p><b>Secretaria: <\/b><span style=\"font-weight: 400;\">Sra. Bibiana Bertorello.<\/span><\/p><p><b>Prosecretario:<\/b><span style=\"font-weight: 400;\"> Sr. Maximiliano Barotto.<\/span><\/p><p><b>Tesorero:<\/b><span style=\"font-weight: 400;\"> Sr. Edgardo Monetti.<\/span><\/p><p><b>Pro Tesorero: <\/b><span style=\"font-weight: 400;\">Sr. Fabricio Audisio.<\/span><\/p><p><b>Consejeros Titulares:<\/b><\/p><ul><li style=\"font-weight: 400;\" aria-level=\"1\"><span style=\"font-weight: 400;\">P. Germ\u00e1n Treuz.<\/span><\/li><li style=\"font-weight: 400;\" aria-level=\"1\"><span style=\"font-weight: 400;\">Sr. David Fogliatti.<\/span><\/li><li style=\"font-weight: 400;\" aria-level=\"1\"><span style=\"font-weight: 400;\">Sra. Cristina Viglianco.<\/span><\/li><\/ul><p><b>Consejeros Suplentes:<\/b><\/p><ul><li style=\"font-weight: 400;\" aria-level=\"1\"><span style=\"font-weight: 400;\">Sr. Silvio Rodriguez.<\/span><\/li><li style=\"font-weight: 400;\" aria-level=\"1\"><span style=\"font-weight: 400;\">Sr. Sergio Otonello<\/span><\/li><li style=\"font-weight: 400;\" aria-level=\"1\"><span style=\"font-weight: 400;\">Sr. Jos\u00e9 Antonio Bocco.<\/span><\/li><\/ul><p><b>S\u00edndico Titular:\u00a0<\/b><\/p><ul><li style=\"font-weight: 400;\" aria-level=\"1\"><span style=\"font-weight: 400;\">Sr. Emiliano Meneguzzi.<\/span><\/li><li style=\"font-weight: 400;\" aria-level=\"1\"><span style=\"font-weight: 400;\">Sr. Maximiliano Canalda.<\/span><\/li><\/ul>\t\t\t\t\t\t\t\t<\/div>\n\t\t\t\t<\/div>\n\t\t\t\t<\/div>\n\t\t<div class=\"elementor-element elementor-element-2c26c2e e-con-full e-flex e-con e-child\" data-id=\"2c26c2e\" data-element_type=\"container\">\n\t\t\t\t<div class=\"elementor-element elementor-element-6077abb elementor-widget elementor-widget-image\" data-id=\"6077abb\" data-element_type=\"widget\" data-widget_type=\"image.default\">\n\t\t\t\t<div class=\"elementor-widget-container\">\n\t\t\t\t\t\t\t\t\t\t\t\t\t\t\t<img fetchpriority=\"high\" decoding=\"async\" width=\"800\" height=\"598\" src=\"https:\/\/coelealcira.com.ar\/Site\/wp-content\/uploads\/2025\/06\/Nuevo-CONSEJO-2022-1024x766.jpg\" class=\"attachment-large size-large wp-image-726\" alt=\"\" srcset=\"https:\/\/coelealcira.com.ar\/Site\/wp-content\/uploads\/2025\/06\/Nuevo-CONSEJO-2022-1024x766.jpg 1024w, https:\/\/coelealcira.com.ar\/Site\/wp-content\/uploads\/2025\/06\/Nuevo-CONSEJO-2022-300x225.jpg 300w, https:\/\/coelealcira.com.ar\/Site\/wp-content\/uploads\/2025\/06\/Nuevo-CONSEJO-2022-768x575.jpg 768w, https:\/\/coelealcira.com.ar\/Site\/wp-content\/uploads\/2025\/06\/Nuevo-CONSEJO-2022-24x18.jpg 24w, https:\/\/coelealcira.com.ar\/Site\/wp-content\/uploads\/2025\/06\/Nuevo-CONSEJO-2022-36x27.jpg 36w, https:\/\/coelealcira.com.ar\/Site\/wp-content\/uploads\/2025\/06\/Nuevo-CONSEJO-2022-48x36.jpg 48w, https:\/\/coelealcira.com.ar\/Site\/wp-content\/uploads\/2025\/06\/Nuevo-CONSEJO-2022.jpg 1280w\" sizes=\"(max-width: 800px) 100vw, 800px\" \/>\t\t\t\t\t\t\t\t\t\t\t\t\t\t\t<\/div>\n\t\t\t\t<\/div>\n\t\t\t\t<\/div>\n\t\t\t\t\t<\/div>\n\t\t\t\t<\/div>\n\t\t\t\t<\/div>\n\t\t","protected":false},"excerpt":{"rendered":"<p>Consejo de Administraci\u00f3n Dando cumplimiento con lo dispuesto por los Art\u00edculos 47 de la Ley N\u00b0 20.337 y 39 del Estatuto Social se realiz\u00f3 el pasado Viernes 25 de Abril la Asamblea General Ordinaria correspondiente al Ejercicio Econ\u00f3mico N\u00b081, cerrado el 31 de diciembre de 2024, y se oficializ\u00f3 la renovaci\u00f3n total de cargos del [&hellip;]<\/p>\n","protected":false},"author":1,"featured_media":0,"parent":0,"menu_order":0,"comment_status":"closed","ping_status":"closed","template":"","meta":{"footnotes":""},"class_list":["post-14","page","type-page","status-publish","hentry"],"_links":{"self":[{"href":"https:\/\/coelealcira.com.ar\/Site\/wp-json\/wp\/v2\/pages\/14","targetHints":{"allow":["GET"]}}],"collection":[{"href":"https:\/\/coelealcira.com.ar\/Site\/wp-json\/wp\/v2\/pages"}],"about":[{"href":"https:\/\/coelealcira.com.ar\/Site\/wp-json\/wp\/v2\/types\/page"}],"author":[{"embeddable":true,"href":"https:\/\/coelealcira.com.ar\/Site\/wp-json\/wp\/v2\/users\/1"}],"replies":[{"embeddable":true,"href":"https:\/\/coelealcira.com.ar\/Site\/wp-json\/wp\/v2\/comments?post=14"}],"version-history":[{"count":25,"href":"https:\/\/coelealcira.com.ar\/Site\/wp-json\/wp\/v2\/pages\/14\/revisions"}],"predecessor-version":[{"id":985,"href":"https:\/\/coelealcira.com.ar\/Site\/wp-json\/wp\/v2\/pages\/14\/revisions\/985"}],"wp:attachment":[{"href":"https:\/\/coelealcira.com.ar\/Site\/wp-json\/wp\/v2\/media?parent=14"}],"curies":[{"name":"wp","href":"https:\/\/api.w.org\/{rel}","templated":true}]}}