{"id":18,"date":"2024-02-21T08:40:01","date_gmt":"2024-02-21T11:40:01","guid":{"rendered":"https:\/\/coelealcira.com.ar\/Site\/?page_id=18"},"modified":"2025-06-17T09:52:03","modified_gmt":"2025-06-17T12:52:03","slug":"cooperativismo","status":"publish","type":"page","link":"https:\/\/coelealcira.com.ar\/Site\/cooperativismo\/","title":{"rendered":"Cooperativismo"},"content":{"rendered":"\t\t<div data-elementor-type=\"wp-page\" data-elementor-id=\"18\" class=\"elementor elementor-18\" data-elementor-post-type=\"page\">\n\t\t\t\t<div class=\"elementor-element elementor-element-35cb443 e-flex e-con-boxed e-con e-parent\" data-id=\"35cb443\" data-element_type=\"container\" data-settings=\"{&quot;background_background&quot;:&quot;gradient&quot;}\">\n\t\t\t\t\t<div class=\"e-con-inner\">\n\t\t\t\t<div class=\"elementor-element elementor-element-302adb2 elementor-widget elementor-widget-heading\" data-id=\"302adb2\" data-element_type=\"widget\" data-widget_type=\"heading.default\">\n\t\t\t\t<div class=\"elementor-widget-container\">\n\t\t\t\t\t<h3 class=\"elementor-heading-title elementor-size-default\">Cooperativismo<\/h3>\t\t\t\t<\/div>\n\t\t\t\t<\/div>\n\t\t\t\t\t<\/div>\n\t\t\t\t<\/div>\n\t\t<div class=\"elementor-element elementor-element-32a8746 e-flex e-con-boxed e-con e-parent\" data-id=\"32a8746\" data-element_type=\"container\">\n\t\t\t\t\t<div class=\"e-con-inner\">\n\t\t<div class=\"elementor-element elementor-element-aa70eb5 e-con-full e-flex e-con e-child\" data-id=\"aa70eb5\" data-element_type=\"container\">\n\t\t\t\t<div class=\"elementor-element elementor-element-7f78a51 elementor-widget elementor-widget-text-editor\" data-id=\"7f78a51\" data-element_type=\"widget\" data-widget_type=\"text-editor.default\">\n\t\t\t\t<div class=\"elementor-widget-container\">\n\t\t\t\t\t\t\t\t\t<p>Una cooperativa es una asociaci\u00f3n aut\u00f3noma de personas que se han unido voluntariamente para formar una organizaci\u00f3n democr\u00e1tica cuya administraci\u00f3n y gesti\u00f3n debe llevarse a cabo de la forma que acuerden los socios, generalmente en el contexto de la econom\u00eda de mercado o la econom\u00eda mixta, aunque las experiencias cooperativas se han dado tambi\u00e9n como parte complementaria de la econom\u00eda planificada. Su intenci\u00f3n es hacer frente a las necesidades y aspiraciones econ\u00f3micas, sociales y culturales comunes a todos los socios mediante una empresa. La diversidad de necesidades y aspiraciones (trabajo, consumo, comercializaci\u00f3n conjunta, ense\u00f1anza, cr\u00e9dito, etc.) de los socios, que conforman el objeto social o actividad corporativizada de estas empresas, define una tipolog\u00eda muy variada de cooperativas.<\/p><p><strong>Valores Cooperativos<\/strong><\/p><p><strong>Ayuda mutua:<\/strong>\u00a0es el accionar conjunto para la soluci\u00f3n de problemas comunes o la cooperaci\u00f3n.<br \/><strong>Responsabilidad:<\/strong>\u00a0capacidad de responder ante los actos, nivel de desempe\u00f1o en el cumplimiento de las actividades para el logro de metas, sintiendo un compromiso moral con los asociados.<br \/><strong>Responsabilidad social:<\/strong>\u00a0compromiso con la comunidad, preocupaci\u00f3n por los dem\u00e1s.<br \/><strong>Democracia:<\/strong>\u00a0toma de decisiones colectivas por los asociados (mediante la participaci\u00f3n y el protagonismo) a lo que se refiere a la gesti\u00f3n y control de la cooperativa.<br \/><strong>Igualdad:<\/strong>\u00a0todos los asociados tienen iguales deberes y derechos.<br \/><strong>Equidad:<\/strong>\u00a0justa distribuci\u00f3n de los excedentes entre los miembros de la cooperativa.<br \/><strong>Solidaridad:<\/strong>\u00a0apoyar, cooperar en la soluci\u00f3n de problemas de los asociados, la familia y la comunidad. Comunidad de intereses y prop\u00f3sitos.<br \/><strong>Honestidad y transparencia:<\/strong>\u00a0honradez, la dignidad y la decencia en la conducta de los asociados. Se oponen al encubrimiento, el falseamiento de la informaci\u00f3n y al enga\u00f1o.<br \/><strong>Esfuerzo propio:<\/strong>\u00a0motivaci\u00f3n, fuerza de voluntad de los miembros con el fin de alcanzar metas previstas dando lo mejor de cada uno.<\/p>\t\t\t\t\t\t\t\t<\/div>\n\t\t\t\t<\/div>\n\t\t\t\t<div class=\"elementor-element elementor-element-5fc6c31 elementor-widget elementor-widget-image\" data-id=\"5fc6c31\" data-element_type=\"widget\" data-widget_type=\"image.default\">\n\t\t\t\t<div class=\"elementor-widget-container\">\n\t\t\t\t\t\t\t\t\t\t\t\t\t\t\t<img fetchpriority=\"high\" decoding=\"async\" width=\"800\" height=\"450\" src=\"https:\/\/coelealcira.com.ar\/Site\/wp-content\/uploads\/2025\/06\/Mesa-de-trabajo-1-1024x576.png\" class=\"attachment-large size-large wp-image-741\" alt=\"\" srcset=\"https:\/\/coelealcira.com.ar\/Site\/wp-content\/uploads\/2025\/06\/Mesa-de-trabajo-1-1024x576.png 1024w, https:\/\/coelealcira.com.ar\/Site\/wp-content\/uploads\/2025\/06\/Mesa-de-trabajo-1-300x169.png 300w, https:\/\/coelealcira.com.ar\/Site\/wp-content\/uploads\/2025\/06\/Mesa-de-trabajo-1-768x432.png 768w, https:\/\/coelealcira.com.ar\/Site\/wp-content\/uploads\/2025\/06\/Mesa-de-trabajo-1-1536x864.png 1536w, https:\/\/coelealcira.com.ar\/Site\/wp-content\/uploads\/2025\/06\/Mesa-de-trabajo-1-24x14.png 24w, https:\/\/coelealcira.com.ar\/Site\/wp-content\/uploads\/2025\/06\/Mesa-de-trabajo-1-36x20.png 36w, https:\/\/coelealcira.com.ar\/Site\/wp-content\/uploads\/2025\/06\/Mesa-de-trabajo-1-48x27.png 48w, https:\/\/coelealcira.com.ar\/Site\/wp-content\/uploads\/2025\/06\/Mesa-de-trabajo-1.png 1920w\" sizes=\"(max-width: 800px) 100vw, 800px\" \/>\t\t\t\t\t\t\t\t\t\t\t\t\t\t\t<\/div>\n\t\t\t\t<\/div>\n\t\t\t\t<\/div>\n\t\t<div class=\"elementor-element elementor-element-cd51fca e-con-full e-flex e-con e-child\" data-id=\"cd51fca\" data-element_type=\"container\">\n\t\t\t\t<div class=\"elementor-element elementor-element-24832e7 elementor-widget elementor-widget-text-editor\" data-id=\"24832e7\" data-element_type=\"widget\" data-widget_type=\"text-editor.default\">\n\t\t\t\t<div class=\"elementor-widget-container\">\n\t\t\t\t\t\t\t\t\t<p><strong>Or\u00edgen de las Cooperativas<\/strong><\/p><p>Las cooperativas, en especial, las de servicios p\u00fablicos surgieron en nuestro pa\u00eds por iniciativa de los vecinos de las diferentes localidades o parajes en donde exist\u00eda una necesidad insatisfecha, debido a que tanto el estado como las empresas privadas con fines de lucro no ten\u00edan intenci\u00f3n de instalarse all\u00ed, porque dicha actividad no era rentable para la empresa o insum\u00eda un costo muy elevado para la escasa cantidad de gente que requer\u00eda la satisfacci\u00f3n de esa necesidad.<\/p><p>En principio, las cooperativas el\u00e9ctricas, surgieron como tales, brindando este servicio b\u00e1sico a toda la comunidad; pero, luego, con el paso del tiempo, tuvieron que ir diversificando el objeto social, para de esta forma, cumplir con los requerimientos de los asociados, sus propios due\u00f1os, quienes necesitaban que esta empresa de la econom\u00eda social brindara diferentes servicios para poder desarrollar su vida a diario.<\/p><p>Debemos resaltar que las cooperativas se basan en principios y valores cooperativos, aspecto esencial, que las diferencia del resto de las empresas privadas, y que demarcan el camino que las mismas deben transitar, respetando y pregonando por la vigencia real de los mismos.<\/p><p>Es as\u00ed que las cooperativas promueven valores como la ayuda mutua, responsabilidad, democracia, igualdad, equidad y solidaridad, en cada uno de sus actos. Sus miembros creen en los valores \u00e9ticos de honestidad, transparencia, responsabilidad social y preocupaci\u00f3n por los dem\u00e1s. De esta forma, las cooperativas realizan diferentes tipos de actividades y acciones en las cuales se reflejan cada uno de estos valores, para construir d\u00eda a d\u00eda una sociedad mejor.<\/p><p>Por otra parte, los principios cooperativos constituyen pautas a trav\u00e9s de las cu\u00e1les las cooperativas ponen en pr\u00e1ctica sus valores. Es por ello que desarrollan su accionar primando:<\/p><p><strong>1- Adhesi\u00f3n abierta y voluntaria.<\/strong><\/p><p><strong>2- Control democr\u00e1tico de sus miembros.<\/strong><\/p><p><strong>3- Participaci\u00f3n econ\u00f3mica de los miembros.<\/strong><\/p><p><strong>4- Autonom\u00eda e independencia.<\/strong><\/p><p><strong>5- Educaci\u00f3n, capacitaci\u00f3n e informaci\u00f3n.<\/strong><\/p><p><strong>6- Cooperaci\u00f3n entre cooperativas.<\/strong><\/p><p><strong>7- Compromiso con la comunidad.<\/strong><\/p><p>Debemos destacar la importancia de esta empresa social en la localidad, y resaltar, ante nada, que sin la presencia de la misma, hoy, Alcira Gigena, no ser\u00eda lo que es, ni tendr\u00eda el mismo desarrollo econ\u00f3mico y social que se ha generado a trav\u00e9s de los a\u00f1os.<\/p><p>Asimismo, gran parte de las acciones que realizan estas entidades, en muchos casos, no se ven, es decir, son intangibles, no podemos cuantificarlas; esto sin percatar que, muchas veces, dichas acciones son las que la distingue como tal, y por la que subsiste su existencia en el tiempo, generando mayor desarrollo, igualdad y crecimiento econ\u00f3mico-social en las comunidades.<\/p>\t\t\t\t\t\t\t\t<\/div>\n\t\t\t\t<\/div>\n\t\t\t\t<\/div>\n\t\t\t\t\t<\/div>\n\t\t\t\t<\/div>\n\t\t<div class=\"elementor-element elementor-element-5a2b645 e-flex e-con-boxed e-con e-parent\" data-id=\"5a2b645\" data-element_type=\"container\" data-settings=\"{&quot;shape_divider_bottom&quot;:&quot;triangle-asymmetrical&quot;}\">\n\t\t\t\t\t<div class=\"e-con-inner\">\n\t\t\t\t<div class=\"elementor-shape elementor-shape-bottom\" data-negative=\"false\">\n\t\t\t<svg xmlns=\"http:\/\/www.w3.org\/2000\/svg\" viewBox=\"0 0 1000 100\" preserveAspectRatio=\"none\">\n\t<path class=\"elementor-shape-fill\" d=\"M738,99l262-93V0H0v5.6L738,99z\"\/>\n<\/svg>\t\t<\/div>\n\t\t\t\t\t<\/div>\n\t\t\t\t<\/div>\n\t\t\t\t<\/div>\n\t\t","protected":false},"excerpt":{"rendered":"<p>Cooperativismo Una cooperativa es una asociaci\u00f3n aut\u00f3noma de personas que se han unido voluntariamente para formar una organizaci\u00f3n democr\u00e1tica cuya administraci\u00f3n y gesti\u00f3n debe llevarse a cabo de la forma que acuerden los socios, generalmente en el contexto de la econom\u00eda de mercado o la econom\u00eda mixta, aunque las experiencias cooperativas se han dado tambi\u00e9n [&hellip;]<\/p>\n","protected":false},"author":1,"featured_media":0,"parent":0,"menu_order":0,"comment_status":"closed","ping_status":"closed","template":"","meta":{"footnotes":""},"class_list":["post-18","page","type-page","status-publish","hentry"],"_links":{"self":[{"href":"https:\/\/coelealcira.com.ar\/Site\/wp-json\/wp\/v2\/pages\/18","targetHints":{"allow":["GET"]}}],"collection":[{"href":"https:\/\/coelealcira.com.ar\/Site\/wp-json\/wp\/v2\/pages"}],"about":[{"href":"https:\/\/coelealcira.com.ar\/Site\/wp-json\/wp\/v2\/types\/page"}],"author":[{"embeddable":true,"href":"https:\/\/coelealcira.com.ar\/Site\/wp-json\/wp\/v2\/users\/1"}],"replies":[{"embeddable":true,"href":"https:\/\/coelealcira.com.ar\/Site\/wp-json\/wp\/v2\/comments?post=18"}],"version-history":[{"count":10,"href":"https:\/\/coelealcira.com.ar\/Site\/wp-json\/wp\/v2\/pages\/18\/revisions"}],"predecessor-version":[{"id":750,"href":"https:\/\/coelealcira.com.ar\/Site\/wp-json\/wp\/v2\/pages\/18\/revisions\/750"}],"wp:attachment":[{"href":"https:\/\/coelealcira.com.ar\/Site\/wp-json\/wp\/v2\/media?parent=18"}],"curies":[{"name":"wp","href":"https:\/\/api.w.org\/{rel}","templated":true}]}}