{"id":22,"date":"2024-02-21T08:40:40","date_gmt":"2024-02-21T11:40:40","guid":{"rendered":"https:\/\/coelealcira.com.ar\/Site\/?page_id=22"},"modified":"2025-06-22T20:42:47","modified_gmt":"2025-06-22T23:42:47","slug":"suministro-de-agua-potable","status":"publish","type":"page","link":"https:\/\/coelealcira.com.ar\/Site\/suministro-de-agua-potable\/","title":{"rendered":"Suministro de Agua Potable"},"content":{"rendered":"\t\t<div data-elementor-type=\"wp-page\" data-elementor-id=\"22\" class=\"elementor elementor-22\" data-elementor-post-type=\"page\">\n\t\t\t\t<div class=\"elementor-element elementor-element-41450df e-flex e-con-boxed e-con e-parent\" data-id=\"41450df\" data-element_type=\"container\" data-settings=\"{&quot;background_background&quot;:&quot;gradient&quot;}\">\n\t\t\t\t\t<div class=\"e-con-inner\">\n\t\t\t\t<div class=\"elementor-element elementor-element-42ade17 elementor-widget elementor-widget-heading\" data-id=\"42ade17\" data-element_type=\"widget\" data-widget_type=\"heading.default\">\n\t\t\t\t<div class=\"elementor-widget-container\">\n\t\t\t\t\t<h3 class=\"elementor-heading-title elementor-size-default\">Suministro de agua potable<\/h3>\t\t\t\t<\/div>\n\t\t\t\t<\/div>\n\t\t\t\t\t<\/div>\n\t\t\t\t<\/div>\n\t\t<div class=\"elementor-element elementor-element-996cfde e-flex e-con-boxed e-con e-parent\" data-id=\"996cfde\" data-element_type=\"container\" data-settings=\"{&quot;background_background&quot;:&quot;classic&quot;}\">\n\t\t\t\t\t<div class=\"e-con-inner\">\n\t\t\t\t<div class=\"elementor-element elementor-element-4cf8b80 elementor-widget__width-initial elementor-widget elementor-widget-image\" data-id=\"4cf8b80\" data-element_type=\"widget\" data-widget_type=\"image.default\">\n\t\t\t\t<div class=\"elementor-widget-container\">\n\t\t\t\t\t\t\t\t\t\t\t\t\t\t\t<img fetchpriority=\"high\" decoding=\"async\" width=\"800\" height=\"480\" src=\"https:\/\/coelealcira.com.ar\/Site\/wp-content\/uploads\/2024\/07\/3-Servicio-de-agua-1024x614.png\" class=\"attachment-large size-large wp-image-483\" alt=\"\" srcset=\"https:\/\/coelealcira.com.ar\/Site\/wp-content\/uploads\/2024\/07\/3-Servicio-de-agua-1024x614.png 1024w, https:\/\/coelealcira.com.ar\/Site\/wp-content\/uploads\/2024\/07\/3-Servicio-de-agua-300x180.png 300w, https:\/\/coelealcira.com.ar\/Site\/wp-content\/uploads\/2024\/07\/3-Servicio-de-agua-768x461.png 768w, https:\/\/coelealcira.com.ar\/Site\/wp-content\/uploads\/2024\/07\/3-Servicio-de-agua-1536x921.png 1536w, https:\/\/coelealcira.com.ar\/Site\/wp-content\/uploads\/2024\/07\/3-Servicio-de-agua-2048x1228.png 2048w, https:\/\/coelealcira.com.ar\/Site\/wp-content\/uploads\/2024\/07\/3-Servicio-de-agua-24x14.png 24w, https:\/\/coelealcira.com.ar\/Site\/wp-content\/uploads\/2024\/07\/3-Servicio-de-agua-36x22.png 36w, https:\/\/coelealcira.com.ar\/Site\/wp-content\/uploads\/2024\/07\/3-Servicio-de-agua-48x29.png 48w\" sizes=\"(max-width: 800px) 100vw, 800px\" \/>\t\t\t\t\t\t\t\t\t\t\t\t\t\t\t<\/div>\n\t\t\t\t<\/div>\n\t\t\t\t\t<\/div>\n\t\t\t\t<\/div>\n\t\t<div class=\"elementor-element elementor-element-6f7bbd2 e-flex e-con-boxed e-con e-parent\" data-id=\"6f7bbd2\" data-element_type=\"container\" data-settings=\"{&quot;background_background&quot;:&quot;classic&quot;,&quot;shape_divider_bottom&quot;:&quot;triangle-asymmetrical&quot;}\">\n\t\t\t\t\t<div class=\"e-con-inner\">\n\t\t\t\t<div class=\"elementor-shape elementor-shape-bottom\" data-negative=\"false\">\n\t\t\t<svg xmlns=\"http:\/\/www.w3.org\/2000\/svg\" viewBox=\"0 0 1000 100\" preserveAspectRatio=\"none\">\n\t<path class=\"elementor-shape-fill\" d=\"M738,99l262-93V0H0v5.6L738,99z\"\/>\n<\/svg>\t\t<\/div>\n\t\t<div class=\"elementor-element elementor-element-f4051a5 e-con-full e-flex e-con e-child\" data-id=\"f4051a5\" data-element_type=\"container\">\n\t\t\t\t<div class=\"elementor-element elementor-element-e1c606f elementor-widget elementor-widget-text-editor\" data-id=\"e1c606f\" data-element_type=\"widget\" data-widget_type=\"text-editor.default\">\n\t\t\t\t<div class=\"elementor-widget-container\">\n\t\t\t\t\t\t\t\t\t<p><span style=\"font-weight: 400;\">La Municipalidad de Alcira, propietaria del servicio de agua potable, tiene concesionado el mantenimiento y distribuci\u00f3n de agua potable a la Cooperativa El\u00e9ctrica de Alcira Ltda. Actualmente, nuestra localidad cuenta con 3 plantas potabilizadoras ubicadas en sectores estrat\u00e9gicos. En el a\u00f1o 2024 el Concejo Deliberante aprob\u00f3 la renovaci\u00f3n del contrato de concesi\u00f3n por 30 a\u00f1os.\u00a0\u00a0<\/span><\/p><p><span style=\"font-weight: 400;\">En un gran porcentaje, la localidad cuenta con el sistema de ca\u00f1er\u00edas a PVC. Obras de recambio que fueron realiz\u00e1ndose a lo largo de los \u00faltimos a\u00f1os y en diferentes tramos.\u00a0<\/span><\/p><p><b>Planta Centro:<\/b><span style=\"font-weight: 400;\"> Ubicada en calle San Mart\u00edn al 600, y abastece de servicio al 50 % del barrio centro (Desde calle San Mart\u00edn hacia el norte de la localidad).\u00a0\u00a0<\/span><\/p><ul><li style=\"font-weight: 400;\" aria-level=\"1\"><span style=\"font-weight: 400;\">Cisterna: Capacidad de 300.000 litros.<\/span><\/li><li style=\"font-weight: 400;\" aria-level=\"1\"><span style=\"font-weight: 400;\">Bomba Sumergible: Capacidad de 100.000 litros\/hora.<\/span><\/li><li style=\"font-weight: 400;\" aria-level=\"1\"><span style=\"font-weight: 400;\">Bombas Impulsoras: 6 bombas centr\u00edfugas, cada una con capacidad de 10.000 litros\/hora.<\/span><\/li><li style=\"font-weight: 400;\" aria-level=\"1\"><span style=\"font-weight: 400;\">Automatizaci\u00f3n: Planta completamente automatizada.<\/span><\/li><\/ul><p><b>Planta Bella Vista:<\/b><span style=\"font-weight: 400;\"> Ubicada en calle Santiago del Estero al 300, y abastece del servicio a todo el Barrio Bella Vista.<\/span><\/p><ul><li style=\"font-weight: 400;\" aria-level=\"1\"><span style=\"font-weight: 400;\">Tanques: Dos tanques australianos techados con capacidad de 180.000 litros cada uno.<\/span><\/li><li style=\"font-weight: 400;\" aria-level=\"1\"><span style=\"font-weight: 400;\">Bomba Sumergible: Capacidad de 85.000 litros\/hora.<\/span><\/li><li style=\"font-weight: 400;\" aria-level=\"1\"><span style=\"font-weight: 400;\">Bombas Impulsoras: 3 bombas centr\u00edfugas, cada una con capacidad de 7.500 litros\/hora.<\/span><\/li><li style=\"font-weight: 400;\" aria-level=\"1\"><span style=\"font-weight: 400;\">Automatizaci\u00f3n: Planta completamente automatizada.<\/span><\/li><\/ul><p><b>Planta Mi Lugar I:<\/b><span style=\"font-weight: 400;\"> Ubicada en Barrio \u201cMi Lugar I\u201d, en el ingreso a ruta provincial E-90. Esta fue la \u00faltima en inaugurarse (2022) y abastece de servicio al sector sur de Alcira Gigena, desde calle Saavedra Lamas hasta San Mart\u00edn.\u00a0<\/span><\/p><ul><li style=\"font-weight: 400;\" aria-level=\"1\"><span style=\"font-weight: 400;\">Cisterna: Capacidad de 220.000 litros.<\/span><\/li><li style=\"font-weight: 400;\" aria-level=\"1\"><span style=\"font-weight: 400;\">Bombas Sumergibles: Una bomba con capacidad de 15.000 litros\/hora y otra de 45.000 litros\/hora.<\/span><\/li><li style=\"font-weight: 400;\" aria-level=\"1\"><span style=\"font-weight: 400;\">Bombas Impulsoras: 5 bombas sumergibles, cada una con capacidad de 15.000 litros\/hora.<\/span><\/li><li style=\"font-weight: 400;\" aria-level=\"1\"><span style=\"font-weight: 400;\">Automatizaci\u00f3n: Planta completamente automatizada.<\/span><\/li><\/ul>\t\t\t\t\t\t\t\t<\/div>\n\t\t\t\t<\/div>\n\t\t\t\t<\/div>\n\t\t<div class=\"elementor-element elementor-element-047cc42 e-con-full e-flex e-con e-child\" data-id=\"047cc42\" data-element_type=\"container\">\n\t\t\t\t<div class=\"elementor-element elementor-element-9573cc5 elementor-invisible elementor-widget elementor-widget-image\" data-id=\"9573cc5\" data-element_type=\"widget\" data-settings=\"{&quot;_animation&quot;:&quot;fadeInUp&quot;}\" data-widget_type=\"image.default\">\n\t\t\t\t<div class=\"elementor-widget-container\">\n\t\t\t\t\t\t\t\t\t\t\t\t\t\t\t<img decoding=\"async\" width=\"512\" height=\"154\" src=\"https:\/\/coelealcira.com.ar\/Site\/wp-content\/uploads\/2025\/06\/requi2.png\" class=\"attachment-large size-large wp-image-860\" alt=\"\" srcset=\"https:\/\/coelealcira.com.ar\/Site\/wp-content\/uploads\/2025\/06\/requi2.png 512w, https:\/\/coelealcira.com.ar\/Site\/wp-content\/uploads\/2025\/06\/requi2-300x90.png 300w, https:\/\/coelealcira.com.ar\/Site\/wp-content\/uploads\/2025\/06\/requi2-24x7.png 24w, https:\/\/coelealcira.com.ar\/Site\/wp-content\/uploads\/2025\/06\/requi2-36x11.png 36w, https:\/\/coelealcira.com.ar\/Site\/wp-content\/uploads\/2025\/06\/requi2-48x14.png 48w\" sizes=\"(max-width: 512px) 100vw, 512px\" \/>\t\t\t\t\t\t\t\t\t\t\t\t\t\t\t<\/div>\n\t\t\t\t<\/div>\n\t\t\t\t<div class=\"elementor-element elementor-element-c4f0944 elementor-widget elementor-widget-gallery\" data-id=\"c4f0944\" data-element_type=\"widget\" data-settings=\"{&quot;columns&quot;:2,&quot;lazyload&quot;:&quot;yes&quot;,&quot;gallery_layout&quot;:&quot;grid&quot;,&quot;columns_tablet&quot;:2,&quot;columns_mobile&quot;:1,&quot;gap&quot;:{&quot;unit&quot;:&quot;px&quot;,&quot;size&quot;:10,&quot;sizes&quot;:[]},&quot;gap_tablet&quot;:{&quot;unit&quot;:&quot;px&quot;,&quot;size&quot;:10,&quot;sizes&quot;:[]},&quot;gap_mobile&quot;:{&quot;unit&quot;:&quot;px&quot;,&quot;size&quot;:10,&quot;sizes&quot;:[]},&quot;link_to&quot;:&quot;file&quot;,&quot;aspect_ratio&quot;:&quot;3:2&quot;,&quot;overlay_background&quot;:&quot;yes&quot;,&quot;content_hover_animation&quot;:&quot;fade-in&quot;}\" data-widget_type=\"gallery.default\">\n\t\t\t\t<div class=\"elementor-widget-container\">\n\t\t\t\t\t\t\t<div class=\"elementor-gallery__container\">\n\t\t\t\t\t\t\t<a class=\"e-gallery-item elementor-gallery-item elementor-animated-content\" href=\"https:\/\/coelealcira.com.ar\/Site\/wp-content\/uploads\/2025\/06\/agua1-1536x863-1.jpg\" data-elementor-open-lightbox=\"yes\" data-elementor-lightbox-slideshow=\"c4f0944\" data-elementor-lightbox-title=\"agua1-1536x863\" data-e-action-hash=\"#elementor-action%3Aaction%3Dlightbox%26settings%3DeyJpZCI6Nzk3LCJ1cmwiOiJodHRwczpcL1wvY29lbGVhbGNpcmEuY29tLmFyXC9TaXRlXC93cC1jb250ZW50XC91cGxvYWRzXC8yMDI1XC8wNlwvYWd1YTEtMTUzNng4NjMtMS5qcGciLCJzbGlkZXNob3ciOiJjNGYwOTQ0In0%3D\">\n\t\t\t\t\t<div class=\"e-gallery-image elementor-gallery-item__image\" data-thumbnail=\"https:\/\/coelealcira.com.ar\/Site\/wp-content\/uploads\/2025\/06\/agua1-1536x863-1.jpg\" data-width=\"1536\" data-height=\"863\" aria-label=\"\" role=\"img\" ><\/div>\n\t\t\t\t\t\t\t\t\t\t\t<div class=\"elementor-gallery-item__overlay\"><\/div>\n\t\t\t\t\t\t\t\t\t\t\t\t\t\t<\/a>\n\t\t\t\t\t\t\t<a class=\"e-gallery-item elementor-gallery-item elementor-animated-content\" href=\"https:\/\/coelealcira.com.ar\/Site\/wp-content\/uploads\/2025\/06\/agua4-1152x1536-1.jpg\" data-elementor-open-lightbox=\"yes\" data-elementor-lightbox-slideshow=\"c4f0944\" data-elementor-lightbox-title=\"agua4-1152x1536\" data-e-action-hash=\"#elementor-action%3Aaction%3Dlightbox%26settings%3DeyJpZCI6Nzk4LCJ1cmwiOiJodHRwczpcL1wvY29lbGVhbGNpcmEuY29tLmFyXC9TaXRlXC93cC1jb250ZW50XC91cGxvYWRzXC8yMDI1XC8wNlwvYWd1YTQtMTE1MngxNTM2LTEuanBnIiwic2xpZGVzaG93IjoiYzRmMDk0NCJ9\">\n\t\t\t\t\t<div class=\"e-gallery-image elementor-gallery-item__image\" data-thumbnail=\"https:\/\/coelealcira.com.ar\/Site\/wp-content\/uploads\/2025\/06\/agua4-1152x1536-1.jpg\" data-width=\"1152\" data-height=\"1536\" aria-label=\"\" role=\"img\" ><\/div>\n\t\t\t\t\t\t\t\t\t\t\t<div class=\"elementor-gallery-item__overlay\"><\/div>\n\t\t\t\t\t\t\t\t\t\t\t\t\t\t<\/a>\n\t\t\t\t\t\t\t<a class=\"e-gallery-item elementor-gallery-item elementor-animated-content\" href=\"https:\/\/coelealcira.com.ar\/Site\/wp-content\/uploads\/2025\/06\/agua2-1536x1017-1.jpg\" data-elementor-open-lightbox=\"yes\" data-elementor-lightbox-slideshow=\"c4f0944\" data-elementor-lightbox-title=\"agua2-1536x1017\" data-e-action-hash=\"#elementor-action%3Aaction%3Dlightbox%26settings%3DeyJpZCI6Nzk5LCJ1cmwiOiJodHRwczpcL1wvY29lbGVhbGNpcmEuY29tLmFyXC9TaXRlXC93cC1jb250ZW50XC91cGxvYWRzXC8yMDI1XC8wNlwvYWd1YTItMTUzNngxMDE3LTEuanBnIiwic2xpZGVzaG93IjoiYzRmMDk0NCJ9\">\n\t\t\t\t\t<div class=\"e-gallery-image elementor-gallery-item__image\" data-thumbnail=\"https:\/\/coelealcira.com.ar\/Site\/wp-content\/uploads\/2025\/06\/agua2-1536x1017-1.jpg\" data-width=\"1536\" data-height=\"1017\" aria-label=\"\" role=\"img\" ><\/div>\n\t\t\t\t\t\t\t\t\t\t\t<div class=\"elementor-gallery-item__overlay\"><\/div>\n\t\t\t\t\t\t\t\t\t\t\t\t\t\t<\/a>\n\t\t\t\t\t\t\t<a class=\"e-gallery-item elementor-gallery-item elementor-animated-content\" href=\"https:\/\/coelealcira.com.ar\/Site\/wp-content\/uploads\/2025\/06\/agua3.jpg\" data-elementor-open-lightbox=\"yes\" data-elementor-lightbox-slideshow=\"c4f0944\" data-elementor-lightbox-title=\"agua3\" data-e-action-hash=\"#elementor-action%3Aaction%3Dlightbox%26settings%3DeyJpZCI6ODAwLCJ1cmwiOiJodHRwczpcL1wvY29lbGVhbGNpcmEuY29tLmFyXC9TaXRlXC93cC1jb250ZW50XC91cGxvYWRzXC8yMDI1XC8wNlwvYWd1YTMuanBnIiwic2xpZGVzaG93IjoiYzRmMDk0NCJ9\">\n\t\t\t\t\t<div class=\"e-gallery-image elementor-gallery-item__image\" data-thumbnail=\"https:\/\/coelealcira.com.ar\/Site\/wp-content\/uploads\/2025\/06\/agua3.jpg\" data-width=\"1024\" data-height=\"768\" aria-label=\"\" role=\"img\" ><\/div>\n\t\t\t\t\t\t\t\t\t\t\t<div class=\"elementor-gallery-item__overlay\"><\/div>\n\t\t\t\t\t\t\t\t\t\t\t\t\t\t<\/a>\n\t\t\t\t\t<\/div>\n\t\t\t\t\t<\/div>\n\t\t\t\t<\/div>\n\t\t\t\t<\/div>\n\t\t\t\t\t<\/div>\n\t\t\t\t<\/div>\n\t\t\t\t<\/div>\n\t\t","protected":false},"excerpt":{"rendered":"<p>Suministro de agua potable La Municipalidad de Alcira, propietaria del servicio de agua potable, tiene concesionado el mantenimiento y distribuci\u00f3n de agua potable a la Cooperativa El\u00e9ctrica de Alcira Ltda. Actualmente, nuestra localidad cuenta con 3 plantas potabilizadoras ubicadas en sectores estrat\u00e9gicos. En el a\u00f1o 2024 el Concejo Deliberante aprob\u00f3 la renovaci\u00f3n del contrato de [&hellip;]<\/p>\n","protected":false},"author":1,"featured_media":0,"parent":0,"menu_order":0,"comment_status":"closed","ping_status":"closed","template":"","meta":{"footnotes":""},"class_list":["post-22","page","type-page","status-publish","hentry"],"_links":{"self":[{"href":"https:\/\/coelealcira.com.ar\/Site\/wp-json\/wp\/v2\/pages\/22","targetHints":{"allow":["GET"]}}],"collection":[{"href":"https:\/\/coelealcira.com.ar\/Site\/wp-json\/wp\/v2\/pages"}],"about":[{"href":"https:\/\/coelealcira.com.ar\/Site\/wp-json\/wp\/v2\/types\/page"}],"author":[{"embeddable":true,"href":"https:\/\/coelealcira.com.ar\/Site\/wp-json\/wp\/v2\/users\/1"}],"replies":[{"embeddable":true,"href":"https:\/\/coelealcira.com.ar\/Site\/wp-json\/wp\/v2\/comments?post=22"}],"version-history":[{"count":16,"href":"https:\/\/coelealcira.com.ar\/Site\/wp-json\/wp\/v2\/pages\/22\/revisions"}],"predecessor-version":[{"id":924,"href":"https:\/\/coelealcira.com.ar\/Site\/wp-json\/wp\/v2\/pages\/22\/revisions\/924"}],"wp:attachment":[{"href":"https:\/\/coelealcira.com.ar\/Site\/wp-json\/wp\/v2\/media?parent=22"}],"curies":[{"name":"wp","href":"https:\/\/api.w.org\/{rel}","templated":true}]}}