{"id":24,"date":"2024-02-21T08:41:04","date_gmt":"2024-02-21T11:41:04","guid":{"rendered":"https:\/\/coelealcira.com.ar\/Site\/?page_id=24"},"modified":"2025-06-17T10:39:55","modified_gmt":"2025-06-17T13:39:55","slug":"hormicoopal","status":"publish","type":"page","link":"https:\/\/coelealcira.com.ar\/Site\/hormicoopal\/","title":{"rendered":"Hormicoopal"},"content":{"rendered":"\t\t<div data-elementor-type=\"wp-page\" data-elementor-id=\"24\" class=\"elementor elementor-24\" data-elementor-post-type=\"page\">\n\t\t\t\t<div class=\"elementor-element elementor-element-0cf8439 e-flex e-con-boxed e-con e-parent\" data-id=\"0cf8439\" data-element_type=\"container\" data-settings=\"{&quot;background_background&quot;:&quot;gradient&quot;}\">\n\t\t\t\t\t<div class=\"e-con-inner\">\n\t\t\t\t<div class=\"elementor-element elementor-element-d301b1c elementor-widget elementor-widget-heading\" data-id=\"d301b1c\" data-element_type=\"widget\" data-widget_type=\"heading.default\">\n\t\t\t\t<div class=\"elementor-widget-container\">\n\t\t\t\t\t<h3 class=\"elementor-heading-title elementor-size-default\">Hormicoopal<\/h3>\t\t\t\t<\/div>\n\t\t\t\t<\/div>\n\t\t\t\t\t<\/div>\n\t\t\t\t<\/div>\n\t\t<div class=\"elementor-element elementor-element-82fc835 e-flex e-con-boxed e-con e-parent\" data-id=\"82fc835\" data-element_type=\"container\" data-settings=\"{&quot;background_background&quot;:&quot;classic&quot;}\">\n\t\t\t\t\t<div class=\"e-con-inner\">\n\t\t\t\t<div class=\"elementor-element elementor-element-7561221 elementor-widget__width-initial elementor-widget elementor-widget-image\" data-id=\"7561221\" data-element_type=\"widget\" data-widget_type=\"image.default\">\n\t\t\t\t<div class=\"elementor-widget-container\">\n\t\t\t\t\t\t\t\t\t\t\t\t\t\t\t<img fetchpriority=\"high\" decoding=\"async\" width=\"800\" height=\"480\" src=\"https:\/\/coelealcira.com.ar\/Site\/wp-content\/uploads\/2024\/03\/8-Hormicoopal-1024x614.png\" class=\"attachment-large size-large wp-image-197\" alt=\"\" srcset=\"https:\/\/coelealcira.com.ar\/Site\/wp-content\/uploads\/2024\/03\/8-Hormicoopal-1024x614.png 1024w, https:\/\/coelealcira.com.ar\/Site\/wp-content\/uploads\/2024\/03\/8-Hormicoopal-300x180.png 300w, https:\/\/coelealcira.com.ar\/Site\/wp-content\/uploads\/2024\/03\/8-Hormicoopal-768x461.png 768w, https:\/\/coelealcira.com.ar\/Site\/wp-content\/uploads\/2024\/03\/8-Hormicoopal-1536x921.png 1536w, https:\/\/coelealcira.com.ar\/Site\/wp-content\/uploads\/2024\/03\/8-Hormicoopal-2048x1228.png 2048w, https:\/\/coelealcira.com.ar\/Site\/wp-content\/uploads\/2024\/03\/8-Hormicoopal-24x14.png 24w, https:\/\/coelealcira.com.ar\/Site\/wp-content\/uploads\/2024\/03\/8-Hormicoopal-36x22.png 36w, https:\/\/coelealcira.com.ar\/Site\/wp-content\/uploads\/2024\/03\/8-Hormicoopal-48x29.png 48w\" sizes=\"(max-width: 800px) 100vw, 800px\" \/>\t\t\t\t\t\t\t\t\t\t\t\t\t\t\t<\/div>\n\t\t\t\t<\/div>\n\t\t\t\t\t<\/div>\n\t\t\t\t<\/div>\n\t\t<div class=\"elementor-element elementor-element-f9825ec e-flex e-con-boxed e-con e-parent\" data-id=\"f9825ec\" data-element_type=\"container\" data-settings=\"{&quot;background_background&quot;:&quot;classic&quot;,&quot;shape_divider_bottom&quot;:&quot;triangle-asymmetrical&quot;}\">\n\t\t\t\t\t<div class=\"e-con-inner\">\n\t\t\t\t<div class=\"elementor-shape elementor-shape-bottom\" data-negative=\"false\">\n\t\t\t<svg xmlns=\"http:\/\/www.w3.org\/2000\/svg\" viewBox=\"0 0 1000 100\" preserveAspectRatio=\"none\">\n\t<path class=\"elementor-shape-fill\" d=\"M738,99l262-93V0H0v5.6L738,99z\"\/>\n<\/svg>\t\t<\/div>\n\t\t<div class=\"elementor-element elementor-element-8efceb3 e-con-full e-flex e-con e-child\" data-id=\"8efceb3\" data-element_type=\"container\">\n\t\t\t\t<div class=\"elementor-element elementor-element-26ac86a elementor-widget elementor-widget-text-editor\" data-id=\"26ac86a\" data-element_type=\"widget\" data-widget_type=\"text-editor.default\">\n\t\t\t\t<div class=\"elementor-widget-container\">\n\t\t\t\t\t\t\t\t\t<p>Este servicio comenz\u00f3 a brindarse en el a\u00f1o 2011, y cuenta con una planta fija instalada en la zona norte de nuestra localidad. Dispone de una moto hormigonera, una bomba autopropulsada y una bomba de arrastre. Como constructora, se dedica a obras p\u00fablicas y privadas, orient\u00e1ndose hacia trabajos de infraestructura b\u00e1sica. Es proveedora de hormig\u00f3n elaborado para las obras m\u00e1s importantes de Coronel Baigorria, Elena, Berrotar\u00e1n, R\u00edo de los Sauces, Las Caleras, zona rural, entre otras ubicaciones cercanas a este radio de influencia. En la actualidad, los municipios de Alcira Gigena y Berrotar\u00e1n, m\u00e1s la empresa Alican S.A, conf\u00edan en nuestro servicio. Vale recordar nuestra intervenci\u00f3n en dos obras de gran magnitud que se hicieron a Boetto y Buttigliengo (Autov\u00eda 36) y Arinco (Obra Cooperativa Cotagro).<\/p>\t\t\t\t\t\t\t\t<\/div>\n\t\t\t\t<\/div>\n\t\t\t\t<\/div>\n\t\t<div class=\"elementor-element elementor-element-7e59d1a e-con-full e-flex e-con e-child\" data-id=\"7e59d1a\" data-element_type=\"container\">\n\t\t\t\t<div class=\"elementor-element elementor-element-cb453b2 elementor-widget elementor-widget-gallery\" data-id=\"cb453b2\" data-element_type=\"widget\" data-settings=\"{&quot;columns&quot;:1,&quot;lazyload&quot;:&quot;yes&quot;,&quot;gallery_layout&quot;:&quot;grid&quot;,&quot;columns_tablet&quot;:2,&quot;columns_mobile&quot;:1,&quot;gap&quot;:{&quot;unit&quot;:&quot;px&quot;,&quot;size&quot;:10,&quot;sizes&quot;:[]},&quot;gap_tablet&quot;:{&quot;unit&quot;:&quot;px&quot;,&quot;size&quot;:10,&quot;sizes&quot;:[]},&quot;gap_mobile&quot;:{&quot;unit&quot;:&quot;px&quot;,&quot;size&quot;:10,&quot;sizes&quot;:[]},&quot;link_to&quot;:&quot;file&quot;,&quot;aspect_ratio&quot;:&quot;3:2&quot;,&quot;overlay_background&quot;:&quot;yes&quot;,&quot;content_hover_animation&quot;:&quot;fade-in&quot;}\" data-widget_type=\"gallery.default\">\n\t\t\t\t<div class=\"elementor-widget-container\">\n\t\t\t\t\t\t\t<div class=\"elementor-gallery__container\">\n\t\t\t\t\t\t\t<a class=\"e-gallery-item elementor-gallery-item elementor-animated-content\" href=\"https:\/\/coelealcira.com.ar\/Site\/wp-content\/uploads\/2025\/06\/hormicoopal2-1536x1536-1.jpg\" data-elementor-open-lightbox=\"yes\" data-elementor-lightbox-slideshow=\"cb453b2\" data-elementor-lightbox-title=\"hormicoopal2-1536x1536\" data-e-action-hash=\"#elementor-action%3Aaction%3Dlightbox%26settings%3DeyJpZCI6ODA0LCJ1cmwiOiJodHRwczpcL1wvY29lbGVhbGNpcmEuY29tLmFyXC9TaXRlXC93cC1jb250ZW50XC91cGxvYWRzXC8yMDI1XC8wNlwvaG9ybWljb29wYWwyLTE1MzZ4MTUzNi0xLmpwZyIsInNsaWRlc2hvdyI6ImNiNDUzYjIifQ%3D%3D\">\n\t\t\t\t\t<div class=\"e-gallery-image elementor-gallery-item__image\" data-thumbnail=\"https:\/\/coelealcira.com.ar\/Site\/wp-content\/uploads\/2025\/06\/hormicoopal2-1536x1536-1.jpg\" data-width=\"1536\" data-height=\"1536\" aria-label=\"\" role=\"img\" ><\/div>\n\t\t\t\t\t\t\t\t\t\t\t<div class=\"elementor-gallery-item__overlay\"><\/div>\n\t\t\t\t\t\t\t\t\t\t\t\t\t\t<\/a>\n\t\t\t\t\t\t\t<a class=\"e-gallery-item elementor-gallery-item elementor-animated-content\" href=\"https:\/\/coelealcira.com.ar\/Site\/wp-content\/uploads\/2025\/06\/hormicoopal1-1536x1536-1.jpg\" data-elementor-open-lightbox=\"yes\" data-elementor-lightbox-slideshow=\"cb453b2\" data-elementor-lightbox-title=\"hormicoopal1-1536x1536\" data-e-action-hash=\"#elementor-action%3Aaction%3Dlightbox%26settings%3DeyJpZCI6ODA1LCJ1cmwiOiJodHRwczpcL1wvY29lbGVhbGNpcmEuY29tLmFyXC9TaXRlXC93cC1jb250ZW50XC91cGxvYWRzXC8yMDI1XC8wNlwvaG9ybWljb29wYWwxLTE1MzZ4MTUzNi0xLmpwZyIsInNsaWRlc2hvdyI6ImNiNDUzYjIifQ%3D%3D\">\n\t\t\t\t\t<div class=\"e-gallery-image elementor-gallery-item__image\" data-thumbnail=\"https:\/\/coelealcira.com.ar\/Site\/wp-content\/uploads\/2025\/06\/hormicoopal1-1536x1536-1.jpg\" data-width=\"1536\" data-height=\"1536\" aria-label=\"\" role=\"img\" ><\/div>\n\t\t\t\t\t\t\t\t\t\t\t<div class=\"elementor-gallery-item__overlay\"><\/div>\n\t\t\t\t\t\t\t\t\t\t\t\t\t\t<\/a>\n\t\t\t\t\t<\/div>\n\t\t\t\t\t<\/div>\n\t\t\t\t<\/div>\n\t\t\t\t<\/div>\n\t\t\t\t\t<\/div>\n\t\t\t\t<\/div>\n\t\t\t\t<\/div>\n\t\t","protected":false},"excerpt":{"rendered":"<p>Hormicoopal Este servicio comenz\u00f3 a brindarse en el a\u00f1o 2011, y cuenta con una planta fija instalada en la zona norte de nuestra localidad. Dispone de una moto hormigonera, una bomba autopropulsada y una bomba de arrastre. Como constructora, se dedica a obras p\u00fablicas y privadas, orient\u00e1ndose hacia trabajos de infraestructura b\u00e1sica. Es proveedora de [&hellip;]<\/p>\n","protected":false},"author":1,"featured_media":0,"parent":0,"menu_order":0,"comment_status":"closed","ping_status":"closed","template":"","meta":{"footnotes":""},"class_list":["post-24","page","type-page","status-publish","hentry"],"_links":{"self":[{"href":"https:\/\/coelealcira.com.ar\/Site\/wp-json\/wp\/v2\/pages\/24","targetHints":{"allow":["GET"]}}],"collection":[{"href":"https:\/\/coelealcira.com.ar\/Site\/wp-json\/wp\/v2\/pages"}],"about":[{"href":"https:\/\/coelealcira.com.ar\/Site\/wp-json\/wp\/v2\/types\/page"}],"author":[{"embeddable":true,"href":"https:\/\/coelealcira.com.ar\/Site\/wp-json\/wp\/v2\/users\/1"}],"replies":[{"embeddable":true,"href":"https:\/\/coelealcira.com.ar\/Site\/wp-json\/wp\/v2\/comments?post=24"}],"version-history":[{"count":4,"href":"https:\/\/coelealcira.com.ar\/Site\/wp-json\/wp\/v2\/pages\/24\/revisions"}],"predecessor-version":[{"id":808,"href":"https:\/\/coelealcira.com.ar\/Site\/wp-json\/wp\/v2\/pages\/24\/revisions\/808"}],"wp:attachment":[{"href":"https:\/\/coelealcira.com.ar\/Site\/wp-json\/wp\/v2\/media?parent=24"}],"curies":[{"name":"wp","href":"https:\/\/api.w.org\/{rel}","templated":true}]}}