{"id":28,"date":"2024-02-21T08:41:48","date_gmt":"2024-02-21T11:41:48","guid":{"rendered":"https:\/\/coelealcira.com.ar\/Site\/?page_id=28"},"modified":"2025-06-22T20:44:27","modified_gmt":"2025-06-22T23:44:27","slug":"internet","status":"publish","type":"page","link":"https:\/\/coelealcira.com.ar\/Site\/internet\/","title":{"rendered":"Internet"},"content":{"rendered":"\t\t<div data-elementor-type=\"wp-page\" data-elementor-id=\"28\" class=\"elementor elementor-28\" data-elementor-post-type=\"page\">\n\t\t\t\t<div class=\"elementor-element elementor-element-e59ec11 e-flex e-con-boxed e-con e-parent\" data-id=\"e59ec11\" data-element_type=\"container\" data-settings=\"{&quot;background_background&quot;:&quot;gradient&quot;}\">\n\t\t\t\t\t<div class=\"e-con-inner\">\n\t\t\t\t<div class=\"elementor-element elementor-element-254e507 elementor-widget elementor-widget-heading\" data-id=\"254e507\" data-element_type=\"widget\" data-widget_type=\"heading.default\">\n\t\t\t\t<div class=\"elementor-widget-container\">\n\t\t\t\t\t<h3 class=\"elementor-heading-title elementor-size-default\">Internet fibra \u00f3ptica<\/h3>\t\t\t\t<\/div>\n\t\t\t\t<\/div>\n\t\t\t\t\t<\/div>\n\t\t\t\t<\/div>\n\t\t<div class=\"elementor-element elementor-element-c925a39 e-flex e-con-boxed e-con e-parent\" data-id=\"c925a39\" data-element_type=\"container\" data-settings=\"{&quot;background_background&quot;:&quot;classic&quot;}\">\n\t\t\t\t\t<div class=\"e-con-inner\">\n\t\t\t\t<div class=\"elementor-element elementor-element-62fdc11 elementor-widget__width-initial elementor-widget elementor-widget-image\" data-id=\"62fdc11\" data-element_type=\"widget\" data-widget_type=\"image.default\">\n\t\t\t\t<div class=\"elementor-widget-container\">\n\t\t\t\t\t\t\t\t\t\t\t\t\t\t\t<img fetchpriority=\"high\" decoding=\"async\" width=\"800\" height=\"480\" src=\"https:\/\/coelealcira.com.ar\/Site\/wp-content\/uploads\/2024\/03\/4-Servicio-de-Internet-1024x614.png\" class=\"attachment-large size-large wp-image-193\" alt=\"\" srcset=\"https:\/\/coelealcira.com.ar\/Site\/wp-content\/uploads\/2024\/03\/4-Servicio-de-Internet-1024x614.png 1024w, https:\/\/coelealcira.com.ar\/Site\/wp-content\/uploads\/2024\/03\/4-Servicio-de-Internet-300x180.png 300w, https:\/\/coelealcira.com.ar\/Site\/wp-content\/uploads\/2024\/03\/4-Servicio-de-Internet-768x461.png 768w, https:\/\/coelealcira.com.ar\/Site\/wp-content\/uploads\/2024\/03\/4-Servicio-de-Internet-1536x921.png 1536w, https:\/\/coelealcira.com.ar\/Site\/wp-content\/uploads\/2024\/03\/4-Servicio-de-Internet-2048x1228.png 2048w, https:\/\/coelealcira.com.ar\/Site\/wp-content\/uploads\/2024\/03\/4-Servicio-de-Internet-24x14.png 24w, https:\/\/coelealcira.com.ar\/Site\/wp-content\/uploads\/2024\/03\/4-Servicio-de-Internet-36x22.png 36w, https:\/\/coelealcira.com.ar\/Site\/wp-content\/uploads\/2024\/03\/4-Servicio-de-Internet-48x29.png 48w\" sizes=\"(max-width: 800px) 100vw, 800px\" \/>\t\t\t\t\t\t\t\t\t\t\t\t\t\t\t<\/div>\n\t\t\t\t<\/div>\n\t\t\t\t\t<\/div>\n\t\t\t\t<\/div>\n\t\t<div class=\"elementor-element elementor-element-69f7d78 e-flex e-con-boxed e-con e-parent\" data-id=\"69f7d78\" data-element_type=\"container\" data-settings=\"{&quot;background_background&quot;:&quot;classic&quot;,&quot;shape_divider_bottom&quot;:&quot;triangle-asymmetrical&quot;}\">\n\t\t\t\t\t<div class=\"e-con-inner\">\n\t\t\t\t<div class=\"elementor-shape elementor-shape-bottom\" data-negative=\"false\">\n\t\t\t<svg xmlns=\"http:\/\/www.w3.org\/2000\/svg\" viewBox=\"0 0 1000 100\" preserveAspectRatio=\"none\">\n\t<path class=\"elementor-shape-fill\" d=\"M738,99l262-93V0H0v5.6L738,99z\"\/>\n<\/svg>\t\t<\/div>\n\t\t<div class=\"elementor-element elementor-element-3704a12 e-con-full e-flex e-con e-child\" data-id=\"3704a12\" data-element_type=\"container\">\n\t\t\t\t<div class=\"elementor-element elementor-element-99e99f8 elementor-widget elementor-widget-text-editor\" data-id=\"99e99f8\" data-element_type=\"widget\" data-widget_type=\"text-editor.default\">\n\t\t\t\t<div class=\"elementor-widget-container\">\n\t\t\t\t\t\t\t\t\t<p><span style=\"font-weight: 400;\">En COOPAG ofrecemos un servicio de Internet por Fibra \u00d3ptica con tecnolog\u00eda de punta, que garantiza m\u00e1xima velocidad, estabilidad y una experiencia de navegaci\u00f3n sin interrupciones. Gracias a nuestra infraestructura, el 100% de la zona urbana ya cuenta con cobertura, lo que permite que cada hogar, comercio o instituci\u00f3n pueda acceder a una conectividad de primer nivel.<\/span><\/p><p><span style=\"font-weight: 400;\">Estamos conectados directamente a la red nacional a trav\u00e9s de ARSAT, lo que refuerza nuestro servicio y asegura una mayor eficiencia y calidad en la transmisi\u00f3n de datos. Esta interconexi\u00f3n estrat\u00e9gica posiciona a nuestro servicio como uno de los m\u00e1s robustos y confiables de la regi\u00f3n. Contemplando que la instituci\u00f3n cuenta con otros dos proveedores de conectividad de respaldo.<\/span><\/p><p><span style=\"font-weight: 400;\">Adem\u00e1s, finalizamos la obra de tendido de fibra \u00f3ptica entre Almafuerte y La Higueras (Nodo Universidad Nacional de R\u00edo Cuarto), un proyecto impulsado en conjunto con las cooperativas que integran ACERO LTDA. Esta expansi\u00f3n no solo mejora la capacidad de la red, sino que tambi\u00e9n asegura una mayor estabilidad para acompa\u00f1ar el crecimiento y las demandas futuras de nuestros usuarios. Permitiendo expandir los servicios de conectividad y apostando por tecnolog\u00edas de vanguardia.\u00a0<\/span><\/p><p><span style=\"font-weight: 400;\">Conectividad de calidad, pensada para vos.<\/span><\/p>\t\t\t\t\t\t\t\t<\/div>\n\t\t\t\t<\/div>\n\t\t\t\t<\/div>\n\t\t<div class=\"elementor-element elementor-element-a200b01 e-con-full e-flex e-con e-child\" data-id=\"a200b01\" data-element_type=\"container\">\n\t\t\t\t<div class=\"elementor-element elementor-element-bb69690 elementor-widget elementor-widget-gallery\" data-id=\"bb69690\" data-element_type=\"widget\" data-settings=\"{&quot;columns&quot;:2,&quot;lazyload&quot;:&quot;yes&quot;,&quot;gallery_layout&quot;:&quot;grid&quot;,&quot;columns_tablet&quot;:2,&quot;columns_mobile&quot;:1,&quot;gap&quot;:{&quot;unit&quot;:&quot;px&quot;,&quot;size&quot;:10,&quot;sizes&quot;:[]},&quot;gap_tablet&quot;:{&quot;unit&quot;:&quot;px&quot;,&quot;size&quot;:10,&quot;sizes&quot;:[]},&quot;gap_mobile&quot;:{&quot;unit&quot;:&quot;px&quot;,&quot;size&quot;:10,&quot;sizes&quot;:[]},&quot;link_to&quot;:&quot;file&quot;,&quot;aspect_ratio&quot;:&quot;3:2&quot;,&quot;overlay_background&quot;:&quot;yes&quot;,&quot;content_hover_animation&quot;:&quot;fade-in&quot;}\" data-widget_type=\"gallery.default\">\n\t\t\t\t<div class=\"elementor-widget-container\">\n\t\t\t\t\t\t\t<div class=\"elementor-gallery__container\">\n\t\t\t\t\t\t\t<a class=\"e-gallery-item elementor-gallery-item elementor-animated-content\" href=\"https:\/\/coelealcira.com.ar\/Site\/wp-content\/uploads\/2025\/06\/fibra3.jpg\" data-elementor-open-lightbox=\"yes\" data-elementor-lightbox-slideshow=\"bb69690\" data-elementor-lightbox-title=\"fibra3\" data-e-action-hash=\"#elementor-action%3Aaction%3Dlightbox%26settings%3DeyJpZCI6ODE5LCJ1cmwiOiJodHRwczpcL1wvY29lbGVhbGNpcmEuY29tLmFyXC9TaXRlXC93cC1jb250ZW50XC91cGxvYWRzXC8yMDI1XC8wNlwvZmlicmEzLmpwZyIsInNsaWRlc2hvdyI6ImJiNjk2OTAifQ%3D%3D\">\n\t\t\t\t\t<div class=\"e-gallery-image elementor-gallery-item__image\" data-thumbnail=\"https:\/\/coelealcira.com.ar\/Site\/wp-content\/uploads\/2025\/06\/fibra3.jpg\" data-width=\"2048\" data-height=\"1150\" aria-label=\"\" role=\"img\" ><\/div>\n\t\t\t\t\t\t\t\t\t\t\t<div class=\"elementor-gallery-item__overlay\"><\/div>\n\t\t\t\t\t\t\t\t\t\t\t\t\t\t<\/a>\n\t\t\t\t\t\t\t<a class=\"e-gallery-item elementor-gallery-item elementor-animated-content\" href=\"https:\/\/coelealcira.com.ar\/Site\/wp-content\/uploads\/2025\/06\/fibra2.jpg\" data-elementor-open-lightbox=\"yes\" data-elementor-lightbox-slideshow=\"bb69690\" data-elementor-lightbox-title=\"fibra2\" data-e-action-hash=\"#elementor-action%3Aaction%3Dlightbox%26settings%3DeyJpZCI6ODIwLCJ1cmwiOiJodHRwczpcL1wvY29lbGVhbGNpcmEuY29tLmFyXC9TaXRlXC93cC1jb250ZW50XC91cGxvYWRzXC8yMDI1XC8wNlwvZmlicmEyLmpwZyIsInNsaWRlc2hvdyI6ImJiNjk2OTAifQ%3D%3D\">\n\t\t\t\t\t<div class=\"e-gallery-image elementor-gallery-item__image\" data-thumbnail=\"https:\/\/coelealcira.com.ar\/Site\/wp-content\/uploads\/2025\/06\/fibra2.jpg\" data-width=\"2048\" data-height=\"1150\" aria-label=\"\" role=\"img\" ><\/div>\n\t\t\t\t\t\t\t\t\t\t\t<div class=\"elementor-gallery-item__overlay\"><\/div>\n\t\t\t\t\t\t\t\t\t\t\t\t\t\t<\/a>\n\t\t\t\t\t\t\t<a class=\"e-gallery-item elementor-gallery-item elementor-animated-content\" href=\"https:\/\/coelealcira.com.ar\/Site\/wp-content\/uploads\/2025\/06\/fibra1.jpg\" data-elementor-open-lightbox=\"yes\" data-elementor-lightbox-slideshow=\"bb69690\" data-elementor-lightbox-title=\"fibra1\" data-e-action-hash=\"#elementor-action%3Aaction%3Dlightbox%26settings%3DeyJpZCI6ODIxLCJ1cmwiOiJodHRwczpcL1wvY29lbGVhbGNpcmEuY29tLmFyXC9TaXRlXC93cC1jb250ZW50XC91cGxvYWRzXC8yMDI1XC8wNlwvZmlicmExLmpwZyIsInNsaWRlc2hvdyI6ImJiNjk2OTAifQ%3D%3D\">\n\t\t\t\t\t<div class=\"e-gallery-image elementor-gallery-item__image\" data-thumbnail=\"https:\/\/coelealcira.com.ar\/Site\/wp-content\/uploads\/2025\/06\/fibra1.jpg\" data-width=\"2048\" data-height=\"1150\" aria-label=\"\" role=\"img\" ><\/div>\n\t\t\t\t\t\t\t\t\t\t\t<div class=\"elementor-gallery-item__overlay\"><\/div>\n\t\t\t\t\t\t\t\t\t\t\t\t\t\t<\/a>\n\t\t\t\t\t\t\t<a class=\"e-gallery-item elementor-gallery-item elementor-animated-content\" href=\"https:\/\/coelealcira.com.ar\/Site\/wp-content\/uploads\/2025\/06\/fibra4.jpg\" data-elementor-open-lightbox=\"yes\" data-elementor-lightbox-slideshow=\"bb69690\" data-elementor-lightbox-title=\"fibra4\" data-e-action-hash=\"#elementor-action%3Aaction%3Dlightbox%26settings%3DeyJpZCI6ODIyLCJ1cmwiOiJodHRwczpcL1wvY29lbGVhbGNpcmEuY29tLmFyXC9TaXRlXC93cC1jb250ZW50XC91cGxvYWRzXC8yMDI1XC8wNlwvZmlicmE0LmpwZyIsInNsaWRlc2hvdyI6ImJiNjk2OTAifQ%3D%3D\">\n\t\t\t\t\t<div class=\"e-gallery-image elementor-gallery-item__image\" data-thumbnail=\"https:\/\/coelealcira.com.ar\/Site\/wp-content\/uploads\/2025\/06\/fibra4.jpg\" data-width=\"1024\" data-height=\"576\" aria-label=\"\" role=\"img\" ><\/div>\n\t\t\t\t\t\t\t\t\t\t\t<div class=\"elementor-gallery-item__overlay\"><\/div>\n\t\t\t\t\t\t\t\t\t\t\t\t\t\t<\/a>\n\t\t\t\t\t<\/div>\n\t\t\t\t\t<\/div>\n\t\t\t\t<\/div>\n\t\t\t\t<\/div>\n\t\t\t\t\t<\/div>\n\t\t\t\t<\/div>\n\t\t\t\t<\/div>\n\t\t","protected":false},"excerpt":{"rendered":"<p>Internet fibra \u00f3ptica En COOPAG ofrecemos un servicio de Internet por Fibra \u00d3ptica con tecnolog\u00eda de punta, que garantiza m\u00e1xima velocidad, estabilidad y una experiencia de navegaci\u00f3n sin interrupciones. Gracias a nuestra infraestructura, el 100% de la zona urbana ya cuenta con cobertura, lo que permite que cada hogar, comercio o instituci\u00f3n pueda acceder a [&hellip;]<\/p>\n","protected":false},"author":1,"featured_media":0,"parent":0,"menu_order":0,"comment_status":"closed","ping_status":"closed","template":"","meta":{"footnotes":""},"class_list":["post-28","page","type-page","status-publish","hentry"],"_links":{"self":[{"href":"https:\/\/coelealcira.com.ar\/Site\/wp-json\/wp\/v2\/pages\/28","targetHints":{"allow":["GET"]}}],"collection":[{"href":"https:\/\/coelealcira.com.ar\/Site\/wp-json\/wp\/v2\/pages"}],"about":[{"href":"https:\/\/coelealcira.com.ar\/Site\/wp-json\/wp\/v2\/types\/page"}],"author":[{"embeddable":true,"href":"https:\/\/coelealcira.com.ar\/Site\/wp-json\/wp\/v2\/users\/1"}],"replies":[{"embeddable":true,"href":"https:\/\/coelealcira.com.ar\/Site\/wp-json\/wp\/v2\/comments?post=28"}],"version-history":[{"count":13,"href":"https:\/\/coelealcira.com.ar\/Site\/wp-json\/wp\/v2\/pages\/28\/revisions"}],"predecessor-version":[{"id":927,"href":"https:\/\/coelealcira.com.ar\/Site\/wp-json\/wp\/v2\/pages\/28\/revisions\/927"}],"wp:attachment":[{"href":"https:\/\/coelealcira.com.ar\/Site\/wp-json\/wp\/v2\/media?parent=28"}],"curies":[{"name":"wp","href":"https:\/\/api.w.org\/{rel}","templated":true}]}}