{"id":30,"date":"2024-02-21T08:42:10","date_gmt":"2024-02-21T11:42:10","guid":{"rendered":"https:\/\/coelealcira.com.ar\/Site\/?page_id=30"},"modified":"2025-06-22T20:45:47","modified_gmt":"2025-06-22T23:45:47","slug":"iptv-alta-definicion","status":"publish","type":"page","link":"https:\/\/coelealcira.com.ar\/Site\/iptv-alta-definicion\/","title":{"rendered":"IPTV Alta Definici\u00f3n"},"content":{"rendered":"\t\t<div data-elementor-type=\"wp-page\" data-elementor-id=\"30\" class=\"elementor elementor-30\" data-elementor-post-type=\"page\">\n\t\t\t\t<div class=\"elementor-element elementor-element-4469504 e-flex e-con-boxed e-con e-parent\" data-id=\"4469504\" data-element_type=\"container\" data-settings=\"{&quot;background_background&quot;:&quot;gradient&quot;}\">\n\t\t\t\t\t<div class=\"e-con-inner\">\n\t\t\t\t<div class=\"elementor-element elementor-element-adcc324 elementor-widget elementor-widget-heading\" data-id=\"adcc324\" data-element_type=\"widget\" data-widget_type=\"heading.default\">\n\t\t\t\t<div class=\"elementor-widget-container\">\n\t\t\t\t\t<h3 class=\"elementor-heading-title elementor-size-default\">IPTV Alta Definici\u00f3n<\/h3>\t\t\t\t<\/div>\n\t\t\t\t<\/div>\n\t\t\t\t\t<\/div>\n\t\t\t\t<\/div>\n\t\t<div class=\"elementor-element elementor-element-203ba41 e-flex e-con-boxed e-con e-parent\" data-id=\"203ba41\" data-element_type=\"container\" data-settings=\"{&quot;background_background&quot;:&quot;classic&quot;}\">\n\t\t\t\t\t<div class=\"e-con-inner\">\n\t\t\t\t<div class=\"elementor-element elementor-element-b615e42 elementor-widget__width-initial elementor-widget elementor-widget-image\" data-id=\"b615e42\" data-element_type=\"widget\" data-widget_type=\"image.default\">\n\t\t\t\t<div class=\"elementor-widget-container\">\n\t\t\t\t\t\t\t\t\t\t\t\t\t\t\t<img fetchpriority=\"high\" decoding=\"async\" width=\"800\" height=\"480\" src=\"https:\/\/coelealcira.com.ar\/Site\/wp-content\/uploads\/2024\/03\/5-Servicio-de-IPTV-1024x614.png\" class=\"attachment-large size-large wp-image-194\" alt=\"\" srcset=\"https:\/\/coelealcira.com.ar\/Site\/wp-content\/uploads\/2024\/03\/5-Servicio-de-IPTV-1024x614.png 1024w, https:\/\/coelealcira.com.ar\/Site\/wp-content\/uploads\/2024\/03\/5-Servicio-de-IPTV-300x180.png 300w, https:\/\/coelealcira.com.ar\/Site\/wp-content\/uploads\/2024\/03\/5-Servicio-de-IPTV-768x461.png 768w, https:\/\/coelealcira.com.ar\/Site\/wp-content\/uploads\/2024\/03\/5-Servicio-de-IPTV-1536x921.png 1536w, https:\/\/coelealcira.com.ar\/Site\/wp-content\/uploads\/2024\/03\/5-Servicio-de-IPTV-2048x1228.png 2048w, https:\/\/coelealcira.com.ar\/Site\/wp-content\/uploads\/2024\/03\/5-Servicio-de-IPTV-24x14.png 24w, https:\/\/coelealcira.com.ar\/Site\/wp-content\/uploads\/2024\/03\/5-Servicio-de-IPTV-36x22.png 36w, https:\/\/coelealcira.com.ar\/Site\/wp-content\/uploads\/2024\/03\/5-Servicio-de-IPTV-48x29.png 48w\" sizes=\"(max-width: 800px) 100vw, 800px\" \/>\t\t\t\t\t\t\t\t\t\t\t\t\t\t\t<\/div>\n\t\t\t\t<\/div>\n\t\t\t\t\t<\/div>\n\t\t\t\t<\/div>\n\t\t<div class=\"elementor-element elementor-element-dffca38 e-flex e-con-boxed e-con e-parent\" data-id=\"dffca38\" data-element_type=\"container\" data-settings=\"{&quot;background_background&quot;:&quot;classic&quot;,&quot;shape_divider_bottom&quot;:&quot;triangle-asymmetrical&quot;}\">\n\t\t\t\t\t<div class=\"e-con-inner\">\n\t\t\t\t<div class=\"elementor-shape elementor-shape-bottom\" data-negative=\"false\">\n\t\t\t<svg xmlns=\"http:\/\/www.w3.org\/2000\/svg\" viewBox=\"0 0 1000 100\" preserveAspectRatio=\"none\">\n\t<path class=\"elementor-shape-fill\" d=\"M738,99l262-93V0H0v5.6L738,99z\"\/>\n<\/svg>\t\t<\/div>\n\t\t<div class=\"elementor-element elementor-element-bd589b9 e-con-full e-flex e-con e-child\" data-id=\"bd589b9\" data-element_type=\"container\">\n\t\t\t\t<div class=\"elementor-element elementor-element-bf89cbb elementor-widget elementor-widget-text-editor\" data-id=\"bf89cbb\" data-element_type=\"widget\" data-widget_type=\"text-editor.default\">\n\t\t\t\t<div class=\"elementor-widget-container\">\n\t\t\t\t\t\t\t\t\t<p><span style=\"font-weight: 400;\">Televisi\u00f3n Digital por Fibra \u00d3ptica: Alta Definici\u00f3n, Contenidos Exclusivos y On Demand.<\/span><\/p><p><span style=\"font-weight: 400;\">Presentamos nuestro servicio de televisi\u00f3n digital IPTV\/SENSA, con m\u00e1s de 140 se\u00f1ales FULL HD, incluyendo Nexos Multimedio Cooperativo, el canal de comunicaci\u00f3n propio de nuestra instituci\u00f3n, pensado para reflejar la identidad y los contenidos locales.<\/span><\/p><p><span style=\"font-weight: 400;\">La TV ahora se vive con conectividad inteligente: mediante la instalaci\u00f3n de un Set Top Box por cada televisor, conectado al m\u00f3dem de Fibra \u00d3ptica, garantizamos una experiencia fluida, sin cortes ni interferencias. Tambi\u00e9n pod\u00e9s disfrutar del contenido donde y cuando quieras con SENSA, la plataforma de streaming de COLSECOR, que te permite ver series, pel\u00edculas y se\u00f1ales en vivo desde cualquier dispositivo. Vos eleg\u00eds qu\u00e9 alternativa se adecua m\u00e1s a tu necesidad.\u00a0<\/span><\/p><p><span style=\"font-weight: 400;\">En Alcira Gigena se apuesta a una soluci\u00f3n moderna y eficiente, que reemplaza los antiguos sistemas con una infraestructura digital de calidad superior, respaldada por nuestra red de Fibra \u00d3ptica.<\/span><\/p><p><span style=\"font-weight: 400;\">Planes disponibles:<\/span><\/p><p><strong>PACK B\u00c1SICO<br \/><\/strong><span style=\"font-weight: 400;\"> &#8211; 140 Canales en HD + SENSA + Internet 50 Megas<\/span><\/p><p><strong>PACK FAMILIAR<br \/><\/strong><span style=\"font-weight: 400;\"> &#8211; 140 Canales en HD + Pack Universal + Pack HBO + SENSA + Internet 50 Megas<\/span><\/p><p><strong>PACK F\u00daTBOL<br \/><\/strong><span style=\"font-weight: 400;\"> &#8211; 140 Canales en HD + Pack F\u00fatbol (contenido exclusivo de ligas y torneos) + SENSA + Internet 50 Megas<\/span><\/p><p><strong>PACK FULL<br \/><\/strong><span style=\"font-weight: 400;\">&#8211; 140 Canales en HD + HBO Premium + Pack Universal + Pack F\u00fatbol + SENSA + Internet 50 Meg<\/span><\/p>\t\t\t\t\t\t\t\t<\/div>\n\t\t\t\t<\/div>\n\t\t\t\t<\/div>\n\t\t<div class=\"elementor-element elementor-element-bf03d77 e-con-full e-flex e-con e-child\" data-id=\"bf03d77\" data-element_type=\"container\">\n\t\t\t\t<div class=\"elementor-element elementor-element-84cbd82 elementor-widget elementor-widget-image\" data-id=\"84cbd82\" data-element_type=\"widget\" data-widget_type=\"image.default\">\n\t\t\t\t<div class=\"elementor-widget-container\">\n\t\t\t\t\t\t\t\t\t\t\t\t\t\t\t<img decoding=\"async\" width=\"800\" height=\"502\" src=\"https:\/\/coelealcira.com.ar\/Site\/wp-content\/uploads\/2025\/06\/2023-03-15_Sensa_1-1024x643.jpg\" class=\"attachment-large size-large wp-image-872\" alt=\"\" srcset=\"https:\/\/coelealcira.com.ar\/Site\/wp-content\/uploads\/2025\/06\/2023-03-15_Sensa_1-1024x643.jpg 1024w, https:\/\/coelealcira.com.ar\/Site\/wp-content\/uploads\/2025\/06\/2023-03-15_Sensa_1-300x188.jpg 300w, https:\/\/coelealcira.com.ar\/Site\/wp-content\/uploads\/2025\/06\/2023-03-15_Sensa_1-768x482.jpg 768w, https:\/\/coelealcira.com.ar\/Site\/wp-content\/uploads\/2025\/06\/2023-03-15_Sensa_1-24x15.jpg 24w, https:\/\/coelealcira.com.ar\/Site\/wp-content\/uploads\/2025\/06\/2023-03-15_Sensa_1-36x23.jpg 36w, https:\/\/coelealcira.com.ar\/Site\/wp-content\/uploads\/2025\/06\/2023-03-15_Sensa_1-48x30.jpg 48w, https:\/\/coelealcira.com.ar\/Site\/wp-content\/uploads\/2025\/06\/2023-03-15_Sensa_1.jpg 1039w\" sizes=\"(max-width: 800px) 100vw, 800px\" \/>\t\t\t\t\t\t\t\t\t\t\t\t\t\t\t<\/div>\n\t\t\t\t<\/div>\n\t\t\t\t<div class=\"elementor-element elementor-element-2474484 elementor-widget elementor-widget-gallery\" data-id=\"2474484\" data-element_type=\"widget\" data-settings=\"{&quot;columns&quot;:1,&quot;lazyload&quot;:&quot;yes&quot;,&quot;gallery_layout&quot;:&quot;grid&quot;,&quot;columns_tablet&quot;:2,&quot;columns_mobile&quot;:1,&quot;gap&quot;:{&quot;unit&quot;:&quot;px&quot;,&quot;size&quot;:10,&quot;sizes&quot;:[]},&quot;gap_tablet&quot;:{&quot;unit&quot;:&quot;px&quot;,&quot;size&quot;:10,&quot;sizes&quot;:[]},&quot;gap_mobile&quot;:{&quot;unit&quot;:&quot;px&quot;,&quot;size&quot;:10,&quot;sizes&quot;:[]},&quot;link_to&quot;:&quot;file&quot;,&quot;aspect_ratio&quot;:&quot;3:2&quot;,&quot;overlay_background&quot;:&quot;yes&quot;,&quot;content_hover_animation&quot;:&quot;fade-in&quot;}\" data-widget_type=\"gallery.default\">\n\t\t\t\t<div class=\"elementor-widget-container\">\n\t\t\t\t\t\t\t<div class=\"elementor-gallery__container\">\n\t\t\t\t\t\t\t<a class=\"e-gallery-item elementor-gallery-item elementor-animated-content\" href=\"https:\/\/coelealcira.com.ar\/Site\/wp-content\/uploads\/2025\/06\/ip.jpg\" data-elementor-open-lightbox=\"yes\" data-elementor-lightbox-slideshow=\"2474484\" data-elementor-lightbox-title=\"ip\" data-e-action-hash=\"#elementor-action%3Aaction%3Dlightbox%26settings%3DeyJpZCI6ODI4LCJ1cmwiOiJodHRwczpcL1wvY29lbGVhbGNpcmEuY29tLmFyXC9TaXRlXC93cC1jb250ZW50XC91cGxvYWRzXC8yMDI1XC8wNlwvaXAuanBnIiwic2xpZGVzaG93IjoiMjQ3NDQ4NCJ9\">\n\t\t\t\t\t<div class=\"e-gallery-image elementor-gallery-item__image\" data-thumbnail=\"https:\/\/coelealcira.com.ar\/Site\/wp-content\/uploads\/2025\/06\/ip.jpg\" data-width=\"1024\" data-height=\"576\" aria-label=\"\" role=\"img\" ><\/div>\n\t\t\t\t\t\t\t\t\t\t\t<div class=\"elementor-gallery-item__overlay\"><\/div>\n\t\t\t\t\t\t\t\t\t\t\t\t\t\t<\/a>\n\t\t\t\t\t<\/div>\n\t\t\t\t\t<\/div>\n\t\t\t\t<\/div>\n\t\t\t\t<\/div>\n\t\t\t\t\t<\/div>\n\t\t\t\t<\/div>\n\t\t\t\t<\/div>\n\t\t","protected":false},"excerpt":{"rendered":"<p>IPTV Alta Definici\u00f3n Televisi\u00f3n Digital por Fibra \u00d3ptica: Alta Definici\u00f3n, Contenidos Exclusivos y On Demand. Presentamos nuestro servicio de televisi\u00f3n digital IPTV\/SENSA, con m\u00e1s de 140 se\u00f1ales FULL HD, incluyendo Nexos Multimedio Cooperativo, el canal de comunicaci\u00f3n propio de nuestra instituci\u00f3n, pensado para reflejar la identidad y los contenidos locales. La TV ahora se vive [&hellip;]<\/p>\n","protected":false},"author":1,"featured_media":0,"parent":0,"menu_order":0,"comment_status":"closed","ping_status":"closed","template":"","meta":{"footnotes":""},"class_list":["post-30","page","type-page","status-publish","hentry"],"_links":{"self":[{"href":"https:\/\/coelealcira.com.ar\/Site\/wp-json\/wp\/v2\/pages\/30","targetHints":{"allow":["GET"]}}],"collection":[{"href":"https:\/\/coelealcira.com.ar\/Site\/wp-json\/wp\/v2\/pages"}],"about":[{"href":"https:\/\/coelealcira.com.ar\/Site\/wp-json\/wp\/v2\/types\/page"}],"author":[{"embeddable":true,"href":"https:\/\/coelealcira.com.ar\/Site\/wp-json\/wp\/v2\/users\/1"}],"replies":[{"embeddable":true,"href":"https:\/\/coelealcira.com.ar\/Site\/wp-json\/wp\/v2\/comments?post=30"}],"version-history":[{"count":10,"href":"https:\/\/coelealcira.com.ar\/Site\/wp-json\/wp\/v2\/pages\/30\/revisions"}],"predecessor-version":[{"id":930,"href":"https:\/\/coelealcira.com.ar\/Site\/wp-json\/wp\/v2\/pages\/30\/revisions\/930"}],"wp:attachment":[{"href":"https:\/\/coelealcira.com.ar\/Site\/wp-json\/wp\/v2\/media?parent=30"}],"curies":[{"name":"wp","href":"https:\/\/api.w.org\/{rel}","templated":true}]}}