{"id":876,"date":"2025-06-22T19:52:25","date_gmt":"2025-06-22T22:52:25","guid":{"rendered":"https:\/\/coelealcira.com.ar\/Site\/?page_id=876"},"modified":"2025-06-22T20:51:08","modified_gmt":"2025-06-22T23:51:08","slug":"hogar-coop","status":"publish","type":"page","link":"https:\/\/coelealcira.com.ar\/Site\/hogar-coop\/","title":{"rendered":"Hogar Coop"},"content":{"rendered":"\t\t<div data-elementor-type=\"wp-page\" data-elementor-id=\"876\" class=\"elementor elementor-876\" data-elementor-post-type=\"page\">\n\t\t\t\t<div class=\"elementor-element elementor-element-6050f68 e-flex e-con-boxed e-con e-parent\" data-id=\"6050f68\" data-element_type=\"container\" data-settings=\"{&quot;background_background&quot;:&quot;gradient&quot;}\">\n\t\t\t\t\t<div class=\"e-con-inner\">\n\t\t\t\t<div class=\"elementor-element elementor-element-637da92 elementor-widget elementor-widget-heading\" data-id=\"637da92\" data-element_type=\"widget\" data-widget_type=\"heading.default\">\n\t\t\t\t<div class=\"elementor-widget-container\">\n\t\t\t\t\t<h3 class=\"elementor-heading-title elementor-size-default\">HogarCoop<\/h3>\t\t\t\t<\/div>\n\t\t\t\t<\/div>\n\t\t\t\t\t<\/div>\n\t\t\t\t<\/div>\n\t\t<div class=\"elementor-element elementor-element-6b0412d e-flex e-con-boxed e-con e-parent\" data-id=\"6b0412d\" data-element_type=\"container\" data-settings=\"{&quot;background_background&quot;:&quot;classic&quot;}\">\n\t\t\t\t\t<div class=\"e-con-inner\">\n\t\t\t\t<div class=\"elementor-element elementor-element-513128b elementor-widget__width-initial elementor-widget elementor-widget-image\" data-id=\"513128b\" data-element_type=\"widget\" data-widget_type=\"image.default\">\n\t\t\t\t<div class=\"elementor-widget-container\">\n\t\t\t\t\t\t\t\t\t\t\t\t\t\t\t<img fetchpriority=\"high\" decoding=\"async\" width=\"800\" height=\"480\" src=\"https:\/\/coelealcira.com.ar\/Site\/wp-content\/uploads\/2024\/03\/6-Hogar-Coop-1024x614.png\" class=\"attachment-large size-large wp-image-195\" alt=\"\" srcset=\"https:\/\/coelealcira.com.ar\/Site\/wp-content\/uploads\/2024\/03\/6-Hogar-Coop-1024x614.png 1024w, https:\/\/coelealcira.com.ar\/Site\/wp-content\/uploads\/2024\/03\/6-Hogar-Coop-300x180.png 300w, https:\/\/coelealcira.com.ar\/Site\/wp-content\/uploads\/2024\/03\/6-Hogar-Coop-768x461.png 768w, https:\/\/coelealcira.com.ar\/Site\/wp-content\/uploads\/2024\/03\/6-Hogar-Coop-1536x921.png 1536w, https:\/\/coelealcira.com.ar\/Site\/wp-content\/uploads\/2024\/03\/6-Hogar-Coop-2048x1228.png 2048w, https:\/\/coelealcira.com.ar\/Site\/wp-content\/uploads\/2024\/03\/6-Hogar-Coop-24x14.png 24w, https:\/\/coelealcira.com.ar\/Site\/wp-content\/uploads\/2024\/03\/6-Hogar-Coop-36x22.png 36w, https:\/\/coelealcira.com.ar\/Site\/wp-content\/uploads\/2024\/03\/6-Hogar-Coop-48x29.png 48w\" sizes=\"(max-width: 800px) 100vw, 800px\" \/>\t\t\t\t\t\t\t\t\t\t\t\t\t\t\t<\/div>\n\t\t\t\t<\/div>\n\t\t\t\t\t<\/div>\n\t\t\t\t<\/div>\n\t\t<div class=\"elementor-element elementor-element-46f0891 e-flex e-con-boxed e-con e-parent\" data-id=\"46f0891\" data-element_type=\"container\" data-settings=\"{&quot;background_background&quot;:&quot;classic&quot;,&quot;shape_divider_bottom&quot;:&quot;triangle-asymmetrical&quot;}\">\n\t\t\t\t\t<div class=\"e-con-inner\">\n\t\t\t\t<div class=\"elementor-shape elementor-shape-bottom\" data-negative=\"false\">\n\t\t\t<svg xmlns=\"http:\/\/www.w3.org\/2000\/svg\" viewBox=\"0 0 1000 100\" preserveAspectRatio=\"none\">\n\t<path class=\"elementor-shape-fill\" d=\"M738,99l262-93V0H0v5.6L738,99z\"\/>\n<\/svg>\t\t<\/div>\n\t\t<div class=\"elementor-element elementor-element-3ab111c e-con-full e-flex e-con e-child\" data-id=\"3ab111c\" data-element_type=\"container\">\n\t\t\t\t<div class=\"elementor-element elementor-element-66e0883 elementor-widget elementor-widget-text-editor\" data-id=\"66e0883\" data-element_type=\"widget\" data-widget_type=\"text-editor.default\">\n\t\t\t\t<div class=\"elementor-widget-container\">\n\t\t\t\t\t\t\t\t\t<p><span style=\"font-weight: 400;\">En 2021, la Cooperativa El\u00e9ctrica de Alcira puso en marcha su Plan de Viviendas, una iniciativa que busca brindar soluciones habitacionales accesibles a las familias de nuestra comunidad. En aquella primera etapa, 27 familias fueron adjudicatarias del programa, pudiendo elegir entre dos modelos de vivienda (de 45 m\u00b2 o 65 m\u00b2), seg\u00fan sus necesidades.<\/span><\/p><p><span style=\"font-weight: 400;\">En enero de este a\u00f1o \u00a1Lanzamos Hogar Coop 2! \u00bfQuer\u00e9s inscribirte y cumplir el sue\u00f1o de tu casa propia?<\/span><\/p><p><span style=\"font-weight: 400;\">Tipolog\u00eda del plan:<\/span><\/p><ul><li style=\"font-weight: 400;\" aria-level=\"1\"><span style=\"font-weight: 400;\">Viviendas de 45 m\u00b2<\/span><\/li><li style=\"font-weight: 400;\" aria-level=\"1\"><span style=\"font-weight: 400;\">Financiaci\u00f3n: hasta 180 cuotas mensuales<\/span><p>\u00a0<\/p><\/li><\/ul><p><span style=\"font-weight: 400;\">Tu esfuerzo mensual equivale a:<\/span><\/p><ul><li style=\"font-weight: 400;\" aria-level=\"1\"><span style=\"font-weight: 400;\">Antes de la entrega de la vivienda: 13 bolsas de cemento por mes<\/span><\/li><li style=\"font-weight: 400;\" aria-level=\"1\"><span style=\"font-weight: 400;\">Despu\u00e9s de la entrega: 25 bolsas de cemento por mes<\/span><p>\u00a0<\/p><\/li><\/ul><p><span style=\"font-weight: 400;\">Requisitos b\u00e1sicos:<\/span><\/p><ul><li style=\"font-weight: 400;\" aria-level=\"1\"><span style=\"font-weight: 400;\">Tener terreno: obligatorio solo al momento de comenzar la construcci\u00f3n<\/span><\/li><li style=\"font-weight: 400;\" aria-level=\"1\"><span style=\"font-weight: 400;\">Contar con dos garantes: requeridos al inicio de la etapa de obra<\/span><p>\u00a0<\/p><\/li><\/ul><p><span style=\"font-weight: 400;\">Hasta junio de 2025, ya son 15 las familias que est\u00e1n listas para ingresar a sus nuevos hogares. Desde la Cooperativa renovamos nuestro compromiso con este proyecto, con el deseo de seguir avanzando en la construcci\u00f3n de m\u00e1s viviendas, y as\u00ed acompa\u00f1ar a m\u00e1s familias de Alcira Gigena a alcanzar el sue\u00f1o de tener su casa propia.<\/span><\/p>\t\t\t\t\t\t\t\t<\/div>\n\t\t\t\t<\/div>\n\t\t\t\t<\/div>\n\t\t<div class=\"elementor-element elementor-element-b65691d e-con-full e-flex e-con e-child\" data-id=\"b65691d\" data-element_type=\"container\">\n\t\t\t\t<div class=\"elementor-element elementor-element-96c84e8 elementor-widget elementor-widget-image\" data-id=\"96c84e8\" data-element_type=\"widget\" data-widget_type=\"image.default\">\n\t\t\t\t<div class=\"elementor-widget-container\">\n\t\t\t\t\t\t\t\t\t\t\t\t\t\t\t<img decoding=\"async\" width=\"800\" height=\"450\" src=\"https:\/\/coelealcira.com.ar\/Site\/wp-content\/uploads\/2025\/06\/hogarcoopalcira-1024x576.jpg\" class=\"attachment-large size-large wp-image-878\" alt=\"\" srcset=\"https:\/\/coelealcira.com.ar\/Site\/wp-content\/uploads\/2025\/06\/hogarcoopalcira-1024x576.jpg 1024w, https:\/\/coelealcira.com.ar\/Site\/wp-content\/uploads\/2025\/06\/hogarcoopalcira-300x169.jpg 300w, https:\/\/coelealcira.com.ar\/Site\/wp-content\/uploads\/2025\/06\/hogarcoopalcira-768x432.jpg 768w, https:\/\/coelealcira.com.ar\/Site\/wp-content\/uploads\/2025\/06\/hogarcoopalcira-1536x864.jpg 1536w, https:\/\/coelealcira.com.ar\/Site\/wp-content\/uploads\/2025\/06\/hogarcoopalcira-24x14.jpg 24w, https:\/\/coelealcira.com.ar\/Site\/wp-content\/uploads\/2025\/06\/hogarcoopalcira-36x20.jpg 36w, https:\/\/coelealcira.com.ar\/Site\/wp-content\/uploads\/2025\/06\/hogarcoopalcira-48x27.jpg 48w, https:\/\/coelealcira.com.ar\/Site\/wp-content\/uploads\/2025\/06\/hogarcoopalcira.jpg 1920w\" sizes=\"(max-width: 800px) 100vw, 800px\" \/>\t\t\t\t\t\t\t\t\t\t\t\t\t\t\t<\/div>\n\t\t\t\t<\/div>\n\t\t\t\t<div class=\"elementor-element elementor-element-2db0f9e elementor-widget elementor-widget-image\" data-id=\"2db0f9e\" data-element_type=\"widget\" data-widget_type=\"image.default\">\n\t\t\t\t<div class=\"elementor-widget-container\">\n\t\t\t\t\t\t\t\t\t\t\t\t\t\t\t<img decoding=\"async\" width=\"780\" height=\"420\" src=\"https:\/\/coelealcira.com.ar\/Site\/wp-content\/uploads\/2025\/06\/hogarcoop.webp\" class=\"attachment-large size-large wp-image-879\" alt=\"\" srcset=\"https:\/\/coelealcira.com.ar\/Site\/wp-content\/uploads\/2025\/06\/hogarcoop.webp 780w, https:\/\/coelealcira.com.ar\/Site\/wp-content\/uploads\/2025\/06\/hogarcoop-300x162.webp 300w, https:\/\/coelealcira.com.ar\/Site\/wp-content\/uploads\/2025\/06\/hogarcoop-768x414.webp 768w, https:\/\/coelealcira.com.ar\/Site\/wp-content\/uploads\/2025\/06\/hogarcoop-24x13.webp 24w, https:\/\/coelealcira.com.ar\/Site\/wp-content\/uploads\/2025\/06\/hogarcoop-36x19.webp 36w, https:\/\/coelealcira.com.ar\/Site\/wp-content\/uploads\/2025\/06\/hogarcoop-48x26.webp 48w\" sizes=\"(max-width: 780px) 100vw, 780px\" \/>\t\t\t\t\t\t\t\t\t\t\t\t\t\t\t<\/div>\n\t\t\t\t<\/div>\n\t\t\t\t<\/div>\n\t\t\t\t\t<\/div>\n\t\t\t\t<\/div>\n\t\t\t\t<\/div>\n\t\t","protected":false},"excerpt":{"rendered":"<p>HogarCoop En 2021, la Cooperativa El\u00e9ctrica de Alcira puso en marcha su Plan de Viviendas, una iniciativa que busca brindar soluciones habitacionales accesibles a las familias de nuestra comunidad. En aquella primera etapa, 27 familias fueron adjudicatarias del programa, pudiendo elegir entre dos modelos de vivienda (de 45 m\u00b2 o 65 m\u00b2), seg\u00fan sus necesidades. [&hellip;]<\/p>\n","protected":false},"author":1,"featured_media":0,"parent":0,"menu_order":0,"comment_status":"closed","ping_status":"closed","template":"","meta":{"footnotes":""},"class_list":["post-876","page","type-page","status-publish","hentry"],"_links":{"self":[{"href":"https:\/\/coelealcira.com.ar\/Site\/wp-json\/wp\/v2\/pages\/876","targetHints":{"allow":["GET"]}}],"collection":[{"href":"https:\/\/coelealcira.com.ar\/Site\/wp-json\/wp\/v2\/pages"}],"about":[{"href":"https:\/\/coelealcira.com.ar\/Site\/wp-json\/wp\/v2\/types\/page"}],"author":[{"embeddable":true,"href":"https:\/\/coelealcira.com.ar\/Site\/wp-json\/wp\/v2\/users\/1"}],"replies":[{"embeddable":true,"href":"https:\/\/coelealcira.com.ar\/Site\/wp-json\/wp\/v2\/comments?post=876"}],"version-history":[{"count":10,"href":"https:\/\/coelealcira.com.ar\/Site\/wp-json\/wp\/v2\/pages\/876\/revisions"}],"predecessor-version":[{"id":938,"href":"https:\/\/coelealcira.com.ar\/Site\/wp-json\/wp\/v2\/pages\/876\/revisions\/938"}],"wp:attachment":[{"href":"https:\/\/coelealcira.com.ar\/Site\/wp-json\/wp\/v2\/media?parent=876"}],"curies":[{"name":"wp","href":"https:\/\/api.w.org\/{rel}","templated":true}]}}